{"id":241,"date":"2017-04-13T10:46:57","date_gmt":"2017-04-13T08:46:57","guid":{"rendered":"http:\/\/laeremiddelforlaget.utkast.org\/skagerrak-forlag\/?post_type=product&#038;p=241"},"modified":"2026-01-28T11:58:17","modified_gmt":"2026-01-28T10:58:17","slug":"havneguiden-4-bergen-kirkenes","status":"publish","type":"product","link":"https:\/\/lmf.no\/skagerrak-forlag\/butikk\/havneguidenharbour\/havneguiden-4-bergen-kirkenes\/","title":{"rendered":"Havneguiden 4, Bergen &#8211; Kirkenes, 2. utgave"},"content":{"rendered":"<p>Forfatter:\u00a0Espen A. Jacobsen<br \/>\nISBN: 9788279972129<\/p>\n<p>Denne boken\u00a0beskriver ca. 400\u00a0natur- og gjestehavner fra Bergen til Kirkenes. I noen tilfeller omtales mer enn \u00e9n havn p\u00e5 samme oppslag. Hver havn blir presentert med et eget havneguidekart, flyfoto, beskrivende tekst og en faktaboks med n\u00f8kkelinformasjon.<\/p>\n<p>Teksten er delt i to. Den maritime delen beskriver havnen, innseilingen og eventuelle spesielle forhold. Du f\u00e5r ogs\u00e5 vite hva slags fort\u00f8yning som er aktuell s\u00e5 du kan v\u00e6re godt forberedt ved ankomst. Den generelle teksten forteller om stedets og omgivelsenes s\u00e6rtrekk og historie og om hva dere kan se, gj\u00f8re og oppleve n\u00e5r dere kommer dit. Der hvor det passer s\u00e5nn, har vi fors\u00f8kt \u00e5 peke p\u00e5 ting dere kan lure p\u00e5 og kanskje finne mer ut om selv. Nysgjerrighet er bra \u00e5 ha med p\u00e5 tur.<\/p>\n<p>P\u00e5 havneguidekartene finner du flere detaljer enn p\u00e5 vanlige sj\u00f8kart og kartplottere. Her er det i tillegg markert hvor det er best \u00e5 fort\u00f8ye, hva slags fort\u00f8yning som brukes og hvor bildet er tatt frra. Flyfotoene med markeringer gir deg rask oversikt over havnens omgivelser, fasiliteter, innseilingsleder, farer og fort\u00f8yningmuligheter.<\/p>\n<p>Sommeren 2018 dekker Havneguidene\u00a0et omr\u00e5de som strekker seg fra Arholma nord for Stockholm og til Kirkenes lengst nord\u00f8st i Norge. I Havneguideserien finnes ogs\u00e5 guider som dekker Danmark, Tyskland, Polen, Slovenia, Kroatia, Montenegro, Albania og Hellas. Havneguidene er en internasjonal suksess, og flere deler er oversatt til tysk og engelsk.<\/p>\n<p><a href=\"https:\/\/cdn.flipsnack.com\/widget\/v2\/widget.html?hash=ftmqrae0p&amp;bgcolor=EEEEEE&amp;t=1523444816\" target=\"_blank\" rel=\"noopener noreferrer\">Bla i boka<\/a><\/p>\n<p><a href=\"https:\/\/www.harbourguide.com\/\">Havneguiden Online<\/a><\/p>","protected":false},"excerpt":{"rendered":"<p>Forfatter:\u00a0Espen A. Jacobsen ISBN: 9788279972129 Denne boken\u00a0beskriver ca. 400\u00a0natur- og gjestehavner fra Bergen til Kirkenes. I noen tilfeller omtales mer enn \u00e9n havn p\u00e5 samme oppslag.<span class=\"excerpt-hellip\"> [\u2026]<\/span><\/p>\n","protected":false},"featured_media":1716,"template":"","meta":{"rs_blank_template":"","rs_page_bg_color":"","slide_template_v7":""},"product_brand":[],"product_cat":[27],"product_tag":[],"class_list":{"0":"post-241","1":"product","2":"type-product","3":"status-publish","4":"has-post-thumbnail","6":"product_cat-havneguidenharbour","8":"first","9":"instock","10":"taxable","11":"shipping-taxable","12":"purchasable","13":"product-type-simple"},"yoast_head":"<!-- This site is optimized with the Yoast SEO plugin v27.4 - https:\/\/yoast.com\/product\/yoast-seo-wordpress\/ -->\n<title>Havneguiden 4, Bergen - Kirkenes, 2. utgave | L\u00e6remiddelforlaget - Skagerrak Forlag AS<\/title>\n<meta name=\"description\" content=\"Denne boken\u00a0beskriver ca. 400\u00a0natur- og gjestehavner fra Bergen til Kirkenes. I noen tilfeller omtales mer enn \u00e9n havn p\u00e5 samme oppslag.\" \/>\n<meta name=\"robots\" content=\"index, follow, max-snippet:-1, max-image-preview:large, max-video-preview:-1\" \/>\n<link rel=\"canonical\" href=\"https:\/\/lmf.no\/skagerrak-forlag\/butikk\/havneguidenharbour\/havneguiden-4-bergen-kirkenes\/\" \/>\n<meta property=\"og:locale\" content=\"nb_NO\" \/>\n<meta property=\"og:type\" content=\"article\" \/>\n<meta property=\"og:title\" content=\"[:no]Havneguiden 4, Bergen - Kirkenes, 2. utgave[:en]Havneguiden 4, Bergen - Kirkenes[:] | L\u00e6remiddelforlaget - Skagerrak Forlag AS\" \/>\n<meta property=\"og:description\" content=\"Denne boken\u00a0beskriver ca. 400\u00a0natur- og gjestehavner fra Bergen til Kirkenes. I noen tilfeller omtales mer enn \u00e9n havn p\u00e5 samme oppslag.\" \/>\n<meta property=\"og:url\" content=\"https:\/\/lmf.no\/skagerrak-forlag\/butikk\/havneguidenharbour\/havneguiden-4-bergen-kirkenes\/\" \/>\n<meta property=\"og:site_name\" content=\"L\u00e6remiddelforlaget - Skagerrak Forlag AS\" \/>\n<meta property=\"article:modified_time\" content=\"2026-01-28T10:58:17+00:00\" \/>\n<meta property=\"og:image\" content=\"https:\/\/lmf.no\/skagerrak-forlag\/wp-content\/uploads\/2017\/04\/HG4_forside.jpg\" \/>\n\t<meta property=\"og:image:width\" content=\"600\" \/>\n\t<meta property=\"og:image:height\" content=\"850\" \/>\n\t<meta property=\"og:image:type\" content=\"image\/jpeg\" \/>\n<meta name=\"twitter:card\" content=\"summary_large_image\" \/>\n<meta name=\"twitter:label1\" content=\"Ansl. lesetid\" \/>\n\t<meta name=\"twitter:data1\" content=\"2 minutter\" \/>\n<script type=\"application\/ld+json\" class=\"yoast-schema-graph\">{\"@context\":\"https:\\\/\\\/schema.org\",\"@graph\":[{\"@type\":\"WebPage\",\"@id\":\"https:\\\/\\\/lmf.no\\\/skagerrak-forlag\\\/butikk\\\/havneguidenharbour\\\/havneguiden-4-bergen-kirkenes\\\/\",\"url\":\"https:\\\/\\\/lmf.no\\\/skagerrak-forlag\\\/butikk\\\/havneguidenharbour\\\/havneguiden-4-bergen-kirkenes\\\/\",\"name\":\"[:no]Havneguiden 4, Bergen - Kirkenes, 2. utgave[:en]Havneguiden 4, Bergen - Kirkenes[:] | L\u00e6remiddelforlaget - Skagerrak Forlag AS\",\"isPartOf\":{\"@id\":\"https:\\\/\\\/lmf.no\\\/skagerrak-forlag\\\/#website\"},\"primaryImageOfPage\":{\"@id\":\"https:\\\/\\\/lmf.no\\\/skagerrak-forlag\\\/butikk\\\/havneguidenharbour\\\/havneguiden-4-bergen-kirkenes\\\/#primaryimage\"},\"image\":{\"@id\":\"https:\\\/\\\/lmf.no\\\/skagerrak-forlag\\\/butikk\\\/havneguidenharbour\\\/havneguiden-4-bergen-kirkenes\\\/#primaryimage\"},\"thumbnailUrl\":\"https:\\\/\\\/lmf.no\\\/skagerrak-forlag\\\/wp-content\\\/uploads\\\/2017\\\/04\\\/HG4_forside.jpg\",\"datePublished\":\"2017-04-13T08:46:57+00:00\",\"dateModified\":\"2026-01-28T10:58:17+00:00\",\"description\":\"Denne boken\u00a0beskriver ca. 400\u00a0natur- og gjestehavner fra Bergen til Kirkenes. I noen tilfeller omtales mer enn \u00e9n havn p\u00e5 samme oppslag.\",\"breadcrumb\":{\"@id\":\"https:\\\/\\\/lmf.no\\\/skagerrak-forlag\\\/butikk\\\/havneguidenharbour\\\/havneguiden-4-bergen-kirkenes\\\/#breadcrumb\"},\"inLanguage\":\"nb-NO\",\"potentialAction\":[{\"@type\":\"ReadAction\",\"target\":[\"https:\\\/\\\/lmf.no\\\/skagerrak-forlag\\\/butikk\\\/havneguidenharbour\\\/havneguiden-4-bergen-kirkenes\\\/\"]}]},{\"@type\":\"ImageObject\",\"inLanguage\":\"nb-NO\",\"@id\":\"https:\\\/\\\/lmf.no\\\/skagerrak-forlag\\\/butikk\\\/havneguidenharbour\\\/havneguiden-4-bergen-kirkenes\\\/#primaryimage\",\"url\":\"https:\\\/\\\/lmf.no\\\/skagerrak-forlag\\\/wp-content\\\/uploads\\\/2017\\\/04\\\/HG4_forside.jpg\",\"contentUrl\":\"https:\\\/\\\/lmf.no\\\/skagerrak-forlag\\\/wp-content\\\/uploads\\\/2017\\\/04\\\/HG4_forside.jpg\",\"width\":600,\"height\":850},{\"@type\":\"BreadcrumbList\",\"@id\":\"https:\\\/\\\/lmf.no\\\/skagerrak-forlag\\\/butikk\\\/havneguidenharbour\\\/havneguiden-4-bergen-kirkenes\\\/#breadcrumb\",\"itemListElement\":[{\"@type\":\"ListItem\",\"position\":1,\"name\":\"Hjem\",\"item\":\"https:\\\/\\\/lmf.no\\\/skagerrak-forlag\\\/\"},{\"@type\":\"ListItem\",\"position\":2,\"name\":\"Butikk\",\"item\":\"https:\\\/\\\/lmf.no\\\/skagerrak-forlag\\\/butikk-2\\\/\"},{\"@type\":\"ListItem\",\"position\":3,\"name\":\"Havneguiden 4, Bergen &#8211; Kirkenes, 2. utgave\"}]},{\"@type\":\"WebSite\",\"@id\":\"https:\\\/\\\/lmf.no\\\/skagerrak-forlag\\\/#website\",\"url\":\"https:\\\/\\\/lmf.no\\\/skagerrak-forlag\\\/\",\"name\":\"Skagerrak Forlag AS\",\"description\":\"Utgivelse av l\u00e6reb\u00f8ker\",\"publisher\":{\"@id\":\"https:\\\/\\\/lmf.no\\\/skagerrak-forlag\\\/#organization\"},\"alternateName\":\"L\u00e6remiddelforlaget - Skagerrak Forlag AS\",\"potentialAction\":[{\"@type\":\"SearchAction\",\"target\":{\"@type\":\"EntryPoint\",\"urlTemplate\":\"https:\\\/\\\/lmf.no\\\/skagerrak-forlag\\\/?s={search_term_string}\"},\"query-input\":{\"@type\":\"PropertyValueSpecification\",\"valueRequired\":true,\"valueName\":\"search_term_string\"}}],\"inLanguage\":\"nb-NO\"},{\"@type\":\"Organization\",\"@id\":\"https:\\\/\\\/lmf.no\\\/skagerrak-forlag\\\/#organization\",\"name\":\"Skagerrak Forlag AS\",\"alternateName\":\"L\u00e6remiddelforlaget - Skagerrak Forlag\",\"url\":\"https:\\\/\\\/lmf.no\\\/skagerrak-forlag\\\/\",\"logo\":{\"@type\":\"ImageObject\",\"inLanguage\":\"nb-NO\",\"@id\":\"https:\\\/\\\/lmf.no\\\/skagerrak-forlag\\\/#\\\/schema\\\/logo\\\/image\\\/\",\"url\":\"https:\\\/\\\/lmf.no\\\/skagerrak-forlag\\\/wp-content\\\/uploads\\\/2024\\\/04\\\/skagerrak-forlag.png\",\"contentUrl\":\"https:\\\/\\\/lmf.no\\\/skagerrak-forlag\\\/wp-content\\\/uploads\\\/2024\\\/04\\\/skagerrak-forlag.png\",\"width\":188,\"height\":47,\"caption\":\"Skagerrak Forlag AS\"},\"image\":{\"@id\":\"https:\\\/\\\/lmf.no\\\/skagerrak-forlag\\\/#\\\/schema\\\/logo\\\/image\\\/\"}}]}<\/script>\n<!-- \/ Yoast SEO plugin. -->","yoast_head_json":{"title":"[:no]Havneguiden 4, Bergen - Kirkenes, 2. utgave[:en]Havneguiden 4, Bergen - Kirkenes[:] | L\u00e6remiddelforlaget - Skagerrak Forlag AS","description":"Denne boken\u00a0beskriver ca. 400\u00a0natur- og gjestehavner fra Bergen til Kirkenes. I noen tilfeller omtales mer enn \u00e9n havn p\u00e5 samme oppslag.","robots":{"index":"index","follow":"follow","max-snippet":"max-snippet:-1","max-image-preview":"max-image-preview:large","max-video-preview":"max-video-preview:-1"},"canonical":"https:\/\/lmf.no\/skagerrak-forlag\/butikk\/havneguidenharbour\/havneguiden-4-bergen-kirkenes\/","og_locale":"nb_NO","og_type":"article","og_title":"[:no]Havneguiden 4, Bergen - Kirkenes, 2. utgave[:en]Havneguiden 4, Bergen - Kirkenes[:] | L\u00e6remiddelforlaget - Skagerrak Forlag AS","og_description":"Denne boken\u00a0beskriver ca. 400\u00a0natur- og gjestehavner fra Bergen til Kirkenes. I noen tilfeller omtales mer enn \u00e9n havn p\u00e5 samme oppslag.","og_url":"https:\/\/lmf.no\/skagerrak-forlag\/butikk\/havneguidenharbour\/havneguiden-4-bergen-kirkenes\/","og_site_name":"L\u00e6remiddelforlaget - Skagerrak Forlag AS","article_modified_time":"2026-01-28T10:58:17+00:00","og_image":[{"width":600,"height":850,"url":"https:\/\/lmf.no\/skagerrak-forlag\/wp-content\/uploads\/2017\/04\/HG4_forside.jpg","type":"image\/jpeg"}],"twitter_card":"summary_large_image","twitter_misc":{"Ansl. lesetid":"2 minutter"},"schema":{"@context":"https:\/\/schema.org","@graph":[{"@type":"WebPage","@id":"https:\/\/lmf.no\/skagerrak-forlag\/butikk\/havneguidenharbour\/havneguiden-4-bergen-kirkenes\/","url":"https:\/\/lmf.no\/skagerrak-forlag\/butikk\/havneguidenharbour\/havneguiden-4-bergen-kirkenes\/","name":"[:no]Havneguiden 4, Bergen - Kirkenes, 2. utgave[:en]Havneguiden 4, Bergen - Kirkenes[:] | L\u00e6remiddelforlaget - Skagerrak Forlag AS","isPartOf":{"@id":"https:\/\/lmf.no\/skagerrak-forlag\/#website"},"primaryImageOfPage":{"@id":"https:\/\/lmf.no\/skagerrak-forlag\/butikk\/havneguidenharbour\/havneguiden-4-bergen-kirkenes\/#primaryimage"},"image":{"@id":"https:\/\/lmf.no\/skagerrak-forlag\/butikk\/havneguidenharbour\/havneguiden-4-bergen-kirkenes\/#primaryimage"},"thumbnailUrl":"https:\/\/lmf.no\/skagerrak-forlag\/wp-content\/uploads\/2017\/04\/HG4_forside.jpg","datePublished":"2017-04-13T08:46:57+00:00","dateModified":"2026-01-28T10:58:17+00:00","description":"Denne boken\u00a0beskriver ca. 400\u00a0natur- og gjestehavner fra Bergen til Kirkenes. I noen tilfeller omtales mer enn \u00e9n havn p\u00e5 samme oppslag.","breadcrumb":{"@id":"https:\/\/lmf.no\/skagerrak-forlag\/butikk\/havneguidenharbour\/havneguiden-4-bergen-kirkenes\/#breadcrumb"},"inLanguage":"nb-NO","potentialAction":[{"@type":"ReadAction","target":["https:\/\/lmf.no\/skagerrak-forlag\/butikk\/havneguidenharbour\/havneguiden-4-bergen-kirkenes\/"]}]},{"@type":"ImageObject","inLanguage":"nb-NO","@id":"https:\/\/lmf.no\/skagerrak-forlag\/butikk\/havneguidenharbour\/havneguiden-4-bergen-kirkenes\/#primaryimage","url":"https:\/\/lmf.no\/skagerrak-forlag\/wp-content\/uploads\/2017\/04\/HG4_forside.jpg","contentUrl":"https:\/\/lmf.no\/skagerrak-forlag\/wp-content\/uploads\/2017\/04\/HG4_forside.jpg","width":600,"height":850},{"@type":"BreadcrumbList","@id":"https:\/\/lmf.no\/skagerrak-forlag\/butikk\/havneguidenharbour\/havneguiden-4-bergen-kirkenes\/#breadcrumb","itemListElement":[{"@type":"ListItem","position":1,"name":"Hjem","item":"https:\/\/lmf.no\/skagerrak-forlag\/"},{"@type":"ListItem","position":2,"name":"Butikk","item":"https:\/\/lmf.no\/skagerrak-forlag\/butikk-2\/"},{"@type":"ListItem","position":3,"name":"Havneguiden 4, Bergen &#8211; Kirkenes, 2. utgave"}]},{"@type":"WebSite","@id":"https:\/\/lmf.no\/skagerrak-forlag\/#website","url":"https:\/\/lmf.no\/skagerrak-forlag\/","name":"Skagerrak Forlag AS","description":"Utgivelse av l\u00e6reb\u00f8ker","publisher":{"@id":"https:\/\/lmf.no\/skagerrak-forlag\/#organization"},"alternateName":"L\u00e6remiddelforlaget - Skagerrak Forlag AS","potentialAction":[{"@type":"SearchAction","target":{"@type":"EntryPoint","urlTemplate":"https:\/\/lmf.no\/skagerrak-forlag\/?s={search_term_string}"},"query-input":{"@type":"PropertyValueSpecification","valueRequired":true,"valueName":"search_term_string"}}],"inLanguage":"nb-NO"},{"@type":"Organization","@id":"https:\/\/lmf.no\/skagerrak-forlag\/#organization","name":"Skagerrak Forlag AS","alternateName":"L\u00e6remiddelforlaget - Skagerrak Forlag","url":"https:\/\/lmf.no\/skagerrak-forlag\/","logo":{"@type":"ImageObject","inLanguage":"nb-NO","@id":"https:\/\/lmf.no\/skagerrak-forlag\/#\/schema\/logo\/image\/","url":"https:\/\/lmf.no\/skagerrak-forlag\/wp-content\/uploads\/2024\/04\/skagerrak-forlag.png","contentUrl":"https:\/\/lmf.no\/skagerrak-forlag\/wp-content\/uploads\/2024\/04\/skagerrak-forlag.png","width":188,"height":47,"caption":"Skagerrak Forlag AS"},"image":{"@id":"https:\/\/lmf.no\/skagerrak-forlag\/#\/schema\/logo\/image\/"}}]}},"_links":{"self":[{"href":"https:\/\/lmf.no\/skagerrak-forlag\/wp-json\/wp\/v2\/product\/241","targetHints":{"allow":["GET"]}}],"collection":[{"href":"https:\/\/lmf.no\/skagerrak-forlag\/wp-json\/wp\/v2\/product"}],"about":[{"href":"https:\/\/lmf.no\/skagerrak-forlag\/wp-json\/wp\/v2\/types\/product"}],"wp:featuredmedia":[{"embeddable":true,"href":"https:\/\/lmf.no\/skagerrak-forlag\/wp-json\/wp\/v2\/media\/1716"}],"wp:attachment":[{"href":"https:\/\/lmf.no\/skagerrak-forlag\/wp-json\/wp\/v2\/media?parent=241"}],"wp:term":[{"taxonomy":"product_brand","embeddable":true,"href":"https:\/\/lmf.no\/skagerrak-forlag\/wp-json\/wp\/v2\/product_brand?post=241"},{"taxonomy":"product_cat","embeddable":true,"href":"https:\/\/lmf.no\/skagerrak-forlag\/wp-json\/wp\/v2\/product_cat?post=241"},{"taxonomy":"product_tag","embeddable":true,"href":"https:\/\/lmf.no\/skagerrak-forlag\/wp-json\/wp\/v2\/product_tag?post=241"}],"curies":[{"name":"wp","href":"https:\/\/api.w.org\/{rel}","templated":true}]}}