{"id":247,"date":"2017-04-13T10:50:16","date_gmt":"2017-04-13T08:50:16","guid":{"rendered":"http:\/\/laeremiddelforlaget.utkast.org\/skagerrak-forlag\/?post_type=product&#038;p=247"},"modified":"2026-01-28T11:58:17","modified_gmt":"2026-01-28T10:58:17","slug":"havneguiden-6-danmark-og-sydvestlige-sverige-3-utg","status":"publish","type":"product","link":"https:\/\/lmf.no\/skagerrak-forlag\/butikk\/havneguidenharbour\/havneguiden-6-danmark-og-sydvestlige-sverige-3-utg\/","title":{"rendered":"Havneguiden 6, Danmark og sydvestlige Sverige, 4. udgave"},"content":{"rendered":"<p>Forfatter: Per Hotvedt, Hanne Engevik, J\u00f8rn Engevik<br \/>\nISBN: 9788279972259<\/p>\n<p>Denne havneguide d\u00e6kker hele Danmark med undtagelse af Bornholm. Desuden har vi medtaget den svenske vestkyst fra Skan\u00f6r i syd op til G\u00f6teborg i nord. Bornholm og Sveriges syd- og \u00f8stkyst d\u00e6kkes af Hamnguiden 7 (svensk tekst).<\/p>\n<p>I denne 4. udgave af Havneguiden Danmark og Sydvestlige Sverige har vi ajourf\u00f8rt oplysninger om hver enkelt havn og har samtidigt indf\u00f8rt bl\u00e5 b\u00e5dsymboler i billeder og kort. G\u00e6stebroer er i desuden markeret med deres egen r\u00f8de streg, s\u00e5 de er nemme at finde. Symbolerne viser hvilken fort\u00f8jningsm\u00e5de, du kan forvente, n\u00e5r du kommer i havn, s\u00e5 du er bedst muligt forberedt. I teksten finder du ogs\u00e5 informationer om den maksimale tilladte st\u00f8rrelse p\u00e5 fart\u00f8jer, som kan anl\u00f8be havnen.<\/p>\n<p>Vi har omtalt b\u00e5de havne og ankerpladser. Hver havn pr\u00e6senteres p\u00e5 en helside i bogen. Helikopterbilleder sammen med korttegning og tekst giver dig gode og nyttige informationer. Teksten om hver havn er delt op i en generel og en maritim del. Den generelle del giver oplysninger om det sted, du bes\u00f8ger, en kort historisk baggrund og de aktiviteter du har mulighed for at dyrke. Den maritime del giver oplysninger om, hvor og hvordan du fort\u00f8jer, hvad du skal v\u00e6re opm\u00e6rksom p\u00e5 under indsejling og \u00f8vrige specielle forhold omkring havnen. Adressen p\u00e5 hjemmesider og telefonnummeret til havnen findes i faktaboksen og er opdateret i denne udgave. Her finder du ogs\u00e5 en kortfattet oversigt over, hvilke faciliteter havnen har at byde p\u00e5.<\/p>\n<p>Denne havneguide er inddelt i seks sejlomr\u00e5der. Til hvert omr\u00e5de er der udarbejdet et planl\u00e6gningskort, hvor hver enkelt havn er markeret. Planl\u00e6gningskortet er et nyttigt hj\u00e6lpemiddel n\u00e5r morgendagens tur skal diskuteres og planl\u00e6gges. Desuden findes der en alfabetisk havneoversigt bag i bogen.<\/p>\n<p><a href=\"https:\/\/cdn.flipsnack.com\/widget\/v2\/widget.html?hash=ftu5wcjpo&amp;bgcolor=EEEEEE&amp;t=1523524570\" target=\"_blank\" rel=\"noopener noreferrer\">Kik i bogen<\/a><\/p>\n<p><a href=\"https:\/\/www.harbourguide.com\/\">Havneguiden Online<\/a><\/p>","protected":false},"excerpt":{"rendered":"<p>Forfatter: Per Hotvedt, Hanne Engevik, J\u00f8rn Engevik ISBN: 9788279972259 Denne havneguide d\u00e6kker hele Danmark med undtagelse af Bornholm. Desuden har vi medtaget den svenske vestkyst fra<span class=\"excerpt-hellip\"> [\u2026]<\/span><\/p>\n","protected":false},"featured_media":1719,"template":"","meta":{"rs_blank_template":"","rs_page_bg_color":"","slide_template_v7":""},"product_brand":[],"product_cat":[27],"product_tag":[],"class_list":{"0":"post-247","1":"product","2":"type-product","3":"status-publish","4":"has-post-thumbnail","6":"product_cat-havneguidenharbour","8":"first","9":"instock","10":"taxable","11":"shipping-taxable","12":"purchasable","13":"product-type-simple"},"yoast_head":"<!-- This site is optimized with the Yoast SEO plugin v27.4 - https:\/\/yoast.com\/product\/yoast-seo-wordpress\/ -->\n<title>Havneguiden 6, Danmark og sydvestlige Sverige, 4. udgave | L\u00e6remiddelforlaget - Skagerrak Forlag AS<\/title>\n<meta name=\"description\" content=\"Denne havneguide d\u00e6kker hele Danmark med undtagelse af Bornholm. Desuden har vi medtaget den svenske vestkyst fra Skan\u00f6r i syd op til G\u00f6teborg i nord.\" \/>\n<meta name=\"robots\" content=\"index, follow, max-snippet:-1, max-image-preview:large, max-video-preview:-1\" \/>\n<link rel=\"canonical\" href=\"https:\/\/lmf.no\/skagerrak-forlag\/butikk\/havneguidenharbour\/havneguiden-6-danmark-og-sydvestlige-sverige-3-utg\/\" \/>\n<meta property=\"og:locale\" content=\"nb_NO\" \/>\n<meta property=\"og:type\" content=\"article\" \/>\n<meta property=\"og:title\" content=\"[:no]Havneguiden 6, Danmark og sydvestlige Sverige, 4. udgave[:en]Havneguiden 6, Danmark og sydvestlige Sverige, 3. utg[:] | L\u00e6remiddelforlaget - Skagerrak Forlag AS\" \/>\n<meta property=\"og:description\" content=\"Denne havneguide d\u00e6kker hele Danmark med undtagelse af Bornholm. Desuden har vi medtaget den svenske vestkyst fra Skan\u00f6r i syd op til G\u00f6teborg i nord.\" \/>\n<meta property=\"og:url\" content=\"https:\/\/lmf.no\/skagerrak-forlag\/butikk\/havneguidenharbour\/havneguiden-6-danmark-og-sydvestlige-sverige-3-utg\/\" \/>\n<meta property=\"og:site_name\" content=\"L\u00e6remiddelforlaget - Skagerrak Forlag AS\" \/>\n<meta property=\"article:modified_time\" content=\"2026-01-28T10:58:17+00:00\" \/>\n<meta property=\"og:image\" content=\"https:\/\/lmf.no\/skagerrak-forlag\/wp-content\/uploads\/2017\/04\/HG6_forside_dansk.jpg\" \/>\n\t<meta property=\"og:image:width\" content=\"600\" \/>\n\t<meta property=\"og:image:height\" content=\"850\" \/>\n\t<meta property=\"og:image:type\" content=\"image\/jpeg\" \/>\n<meta name=\"twitter:card\" content=\"summary_large_image\" \/>\n<meta name=\"twitter:label1\" content=\"Ansl. lesetid\" \/>\n\t<meta name=\"twitter:data1\" content=\"2 minutter\" \/>\n<script type=\"application\/ld+json\" class=\"yoast-schema-graph\">{\"@context\":\"https:\\\/\\\/schema.org\",\"@graph\":[{\"@type\":\"WebPage\",\"@id\":\"https:\\\/\\\/lmf.no\\\/skagerrak-forlag\\\/butikk\\\/havneguidenharbour\\\/havneguiden-6-danmark-og-sydvestlige-sverige-3-utg\\\/\",\"url\":\"https:\\\/\\\/lmf.no\\\/skagerrak-forlag\\\/butikk\\\/havneguidenharbour\\\/havneguiden-6-danmark-og-sydvestlige-sverige-3-utg\\\/\",\"name\":\"[:no]Havneguiden 6, Danmark og sydvestlige Sverige, 4. udgave[:en]Havneguiden 6, Danmark og sydvestlige Sverige, 3. utg[:] | L\u00e6remiddelforlaget - Skagerrak Forlag AS\",\"isPartOf\":{\"@id\":\"https:\\\/\\\/lmf.no\\\/skagerrak-forlag\\\/#website\"},\"primaryImageOfPage\":{\"@id\":\"https:\\\/\\\/lmf.no\\\/skagerrak-forlag\\\/butikk\\\/havneguidenharbour\\\/havneguiden-6-danmark-og-sydvestlige-sverige-3-utg\\\/#primaryimage\"},\"image\":{\"@id\":\"https:\\\/\\\/lmf.no\\\/skagerrak-forlag\\\/butikk\\\/havneguidenharbour\\\/havneguiden-6-danmark-og-sydvestlige-sverige-3-utg\\\/#primaryimage\"},\"thumbnailUrl\":\"https:\\\/\\\/lmf.no\\\/skagerrak-forlag\\\/wp-content\\\/uploads\\\/2017\\\/04\\\/HG6_forside_dansk.jpg\",\"datePublished\":\"2017-04-13T08:50:16+00:00\",\"dateModified\":\"2026-01-28T10:58:17+00:00\",\"description\":\"Denne havneguide d\u00e6kker hele Danmark med undtagelse af Bornholm. Desuden har vi medtaget den svenske vestkyst fra Skan\u00f6r i syd op til G\u00f6teborg i nord.\",\"breadcrumb\":{\"@id\":\"https:\\\/\\\/lmf.no\\\/skagerrak-forlag\\\/butikk\\\/havneguidenharbour\\\/havneguiden-6-danmark-og-sydvestlige-sverige-3-utg\\\/#breadcrumb\"},\"inLanguage\":\"nb-NO\",\"potentialAction\":[{\"@type\":\"ReadAction\",\"target\":[\"https:\\\/\\\/lmf.no\\\/skagerrak-forlag\\\/butikk\\\/havneguidenharbour\\\/havneguiden-6-danmark-og-sydvestlige-sverige-3-utg\\\/\"]}]},{\"@type\":\"ImageObject\",\"inLanguage\":\"nb-NO\",\"@id\":\"https:\\\/\\\/lmf.no\\\/skagerrak-forlag\\\/butikk\\\/havneguidenharbour\\\/havneguiden-6-danmark-og-sydvestlige-sverige-3-utg\\\/#primaryimage\",\"url\":\"https:\\\/\\\/lmf.no\\\/skagerrak-forlag\\\/wp-content\\\/uploads\\\/2017\\\/04\\\/HG6_forside_dansk.jpg\",\"contentUrl\":\"https:\\\/\\\/lmf.no\\\/skagerrak-forlag\\\/wp-content\\\/uploads\\\/2017\\\/04\\\/HG6_forside_dansk.jpg\",\"width\":600,\"height\":850},{\"@type\":\"BreadcrumbList\",\"@id\":\"https:\\\/\\\/lmf.no\\\/skagerrak-forlag\\\/butikk\\\/havneguidenharbour\\\/havneguiden-6-danmark-og-sydvestlige-sverige-3-utg\\\/#breadcrumb\",\"itemListElement\":[{\"@type\":\"ListItem\",\"position\":1,\"name\":\"Hjem\",\"item\":\"https:\\\/\\\/lmf.no\\\/skagerrak-forlag\\\/\"},{\"@type\":\"ListItem\",\"position\":2,\"name\":\"Butikk\",\"item\":\"https:\\\/\\\/lmf.no\\\/skagerrak-forlag\\\/butikk-2\\\/\"},{\"@type\":\"ListItem\",\"position\":3,\"name\":\"Havneguiden 6, Danmark og sydvestlige Sverige, 4. udgave\"}]},{\"@type\":\"WebSite\",\"@id\":\"https:\\\/\\\/lmf.no\\\/skagerrak-forlag\\\/#website\",\"url\":\"https:\\\/\\\/lmf.no\\\/skagerrak-forlag\\\/\",\"name\":\"Skagerrak Forlag AS\",\"description\":\"Utgivelse av l\u00e6reb\u00f8ker\",\"publisher\":{\"@id\":\"https:\\\/\\\/lmf.no\\\/skagerrak-forlag\\\/#organization\"},\"alternateName\":\"L\u00e6remiddelforlaget - Skagerrak Forlag AS\",\"potentialAction\":[{\"@type\":\"SearchAction\",\"target\":{\"@type\":\"EntryPoint\",\"urlTemplate\":\"https:\\\/\\\/lmf.no\\\/skagerrak-forlag\\\/?s={search_term_string}\"},\"query-input\":{\"@type\":\"PropertyValueSpecification\",\"valueRequired\":true,\"valueName\":\"search_term_string\"}}],\"inLanguage\":\"nb-NO\"},{\"@type\":\"Organization\",\"@id\":\"https:\\\/\\\/lmf.no\\\/skagerrak-forlag\\\/#organization\",\"name\":\"Skagerrak Forlag AS\",\"alternateName\":\"L\u00e6remiddelforlaget - Skagerrak Forlag\",\"url\":\"https:\\\/\\\/lmf.no\\\/skagerrak-forlag\\\/\",\"logo\":{\"@type\":\"ImageObject\",\"inLanguage\":\"nb-NO\",\"@id\":\"https:\\\/\\\/lmf.no\\\/skagerrak-forlag\\\/#\\\/schema\\\/logo\\\/image\\\/\",\"url\":\"https:\\\/\\\/lmf.no\\\/skagerrak-forlag\\\/wp-content\\\/uploads\\\/2024\\\/04\\\/skagerrak-forlag.png\",\"contentUrl\":\"https:\\\/\\\/lmf.no\\\/skagerrak-forlag\\\/wp-content\\\/uploads\\\/2024\\\/04\\\/skagerrak-forlag.png\",\"width\":188,\"height\":47,\"caption\":\"Skagerrak Forlag AS\"},\"image\":{\"@id\":\"https:\\\/\\\/lmf.no\\\/skagerrak-forlag\\\/#\\\/schema\\\/logo\\\/image\\\/\"}}]}<\/script>\n<!-- \/ Yoast SEO plugin. -->","yoast_head_json":{"title":"[:no]Havneguiden 6, Danmark og sydvestlige Sverige, 4. udgave[:en]Havneguiden 6, Danmark og sydvestlige Sverige, 3. utg[:] | L\u00e6remiddelforlaget - Skagerrak Forlag AS","description":"Denne havneguide d\u00e6kker hele Danmark med undtagelse af Bornholm. Desuden har vi medtaget den svenske vestkyst fra Skan\u00f6r i syd op til G\u00f6teborg i nord.","robots":{"index":"index","follow":"follow","max-snippet":"max-snippet:-1","max-image-preview":"max-image-preview:large","max-video-preview":"max-video-preview:-1"},"canonical":"https:\/\/lmf.no\/skagerrak-forlag\/butikk\/havneguidenharbour\/havneguiden-6-danmark-og-sydvestlige-sverige-3-utg\/","og_locale":"nb_NO","og_type":"article","og_title":"[:no]Havneguiden 6, Danmark og sydvestlige Sverige, 4. udgave[:en]Havneguiden 6, Danmark og sydvestlige Sverige, 3. utg[:] | L\u00e6remiddelforlaget - Skagerrak Forlag AS","og_description":"Denne havneguide d\u00e6kker hele Danmark med undtagelse af Bornholm. Desuden har vi medtaget den svenske vestkyst fra Skan\u00f6r i syd op til G\u00f6teborg i nord.","og_url":"https:\/\/lmf.no\/skagerrak-forlag\/butikk\/havneguidenharbour\/havneguiden-6-danmark-og-sydvestlige-sverige-3-utg\/","og_site_name":"L\u00e6remiddelforlaget - Skagerrak Forlag AS","article_modified_time":"2026-01-28T10:58:17+00:00","og_image":[{"width":600,"height":850,"url":"https:\/\/lmf.no\/skagerrak-forlag\/wp-content\/uploads\/2017\/04\/HG6_forside_dansk.jpg","type":"image\/jpeg"}],"twitter_card":"summary_large_image","twitter_misc":{"Ansl. lesetid":"2 minutter"},"schema":{"@context":"https:\/\/schema.org","@graph":[{"@type":"WebPage","@id":"https:\/\/lmf.no\/skagerrak-forlag\/butikk\/havneguidenharbour\/havneguiden-6-danmark-og-sydvestlige-sverige-3-utg\/","url":"https:\/\/lmf.no\/skagerrak-forlag\/butikk\/havneguidenharbour\/havneguiden-6-danmark-og-sydvestlige-sverige-3-utg\/","name":"[:no]Havneguiden 6, Danmark og sydvestlige Sverige, 4. udgave[:en]Havneguiden 6, Danmark og sydvestlige Sverige, 3. utg[:] | L\u00e6remiddelforlaget - Skagerrak Forlag AS","isPartOf":{"@id":"https:\/\/lmf.no\/skagerrak-forlag\/#website"},"primaryImageOfPage":{"@id":"https:\/\/lmf.no\/skagerrak-forlag\/butikk\/havneguidenharbour\/havneguiden-6-danmark-og-sydvestlige-sverige-3-utg\/#primaryimage"},"image":{"@id":"https:\/\/lmf.no\/skagerrak-forlag\/butikk\/havneguidenharbour\/havneguiden-6-danmark-og-sydvestlige-sverige-3-utg\/#primaryimage"},"thumbnailUrl":"https:\/\/lmf.no\/skagerrak-forlag\/wp-content\/uploads\/2017\/04\/HG6_forside_dansk.jpg","datePublished":"2017-04-13T08:50:16+00:00","dateModified":"2026-01-28T10:58:17+00:00","description":"Denne havneguide d\u00e6kker hele Danmark med undtagelse af Bornholm. Desuden har vi medtaget den svenske vestkyst fra Skan\u00f6r i syd op til G\u00f6teborg i nord.","breadcrumb":{"@id":"https:\/\/lmf.no\/skagerrak-forlag\/butikk\/havneguidenharbour\/havneguiden-6-danmark-og-sydvestlige-sverige-3-utg\/#breadcrumb"},"inLanguage":"nb-NO","potentialAction":[{"@type":"ReadAction","target":["https:\/\/lmf.no\/skagerrak-forlag\/butikk\/havneguidenharbour\/havneguiden-6-danmark-og-sydvestlige-sverige-3-utg\/"]}]},{"@type":"ImageObject","inLanguage":"nb-NO","@id":"https:\/\/lmf.no\/skagerrak-forlag\/butikk\/havneguidenharbour\/havneguiden-6-danmark-og-sydvestlige-sverige-3-utg\/#primaryimage","url":"https:\/\/lmf.no\/skagerrak-forlag\/wp-content\/uploads\/2017\/04\/HG6_forside_dansk.jpg","contentUrl":"https:\/\/lmf.no\/skagerrak-forlag\/wp-content\/uploads\/2017\/04\/HG6_forside_dansk.jpg","width":600,"height":850},{"@type":"BreadcrumbList","@id":"https:\/\/lmf.no\/skagerrak-forlag\/butikk\/havneguidenharbour\/havneguiden-6-danmark-og-sydvestlige-sverige-3-utg\/#breadcrumb","itemListElement":[{"@type":"ListItem","position":1,"name":"Hjem","item":"https:\/\/lmf.no\/skagerrak-forlag\/"},{"@type":"ListItem","position":2,"name":"Butikk","item":"https:\/\/lmf.no\/skagerrak-forlag\/butikk-2\/"},{"@type":"ListItem","position":3,"name":"Havneguiden 6, Danmark og sydvestlige Sverige, 4. udgave"}]},{"@type":"WebSite","@id":"https:\/\/lmf.no\/skagerrak-forlag\/#website","url":"https:\/\/lmf.no\/skagerrak-forlag\/","name":"Skagerrak Forlag AS","description":"Utgivelse av l\u00e6reb\u00f8ker","publisher":{"@id":"https:\/\/lmf.no\/skagerrak-forlag\/#organization"},"alternateName":"L\u00e6remiddelforlaget - Skagerrak Forlag AS","potentialAction":[{"@type":"SearchAction","target":{"@type":"EntryPoint","urlTemplate":"https:\/\/lmf.no\/skagerrak-forlag\/?s={search_term_string}"},"query-input":{"@type":"PropertyValueSpecification","valueRequired":true,"valueName":"search_term_string"}}],"inLanguage":"nb-NO"},{"@type":"Organization","@id":"https:\/\/lmf.no\/skagerrak-forlag\/#organization","name":"Skagerrak Forlag AS","alternateName":"L\u00e6remiddelforlaget - Skagerrak Forlag","url":"https:\/\/lmf.no\/skagerrak-forlag\/","logo":{"@type":"ImageObject","inLanguage":"nb-NO","@id":"https:\/\/lmf.no\/skagerrak-forlag\/#\/schema\/logo\/image\/","url":"https:\/\/lmf.no\/skagerrak-forlag\/wp-content\/uploads\/2024\/04\/skagerrak-forlag.png","contentUrl":"https:\/\/lmf.no\/skagerrak-forlag\/wp-content\/uploads\/2024\/04\/skagerrak-forlag.png","width":188,"height":47,"caption":"Skagerrak Forlag AS"},"image":{"@id":"https:\/\/lmf.no\/skagerrak-forlag\/#\/schema\/logo\/image\/"}}]}},"_links":{"self":[{"href":"https:\/\/lmf.no\/skagerrak-forlag\/wp-json\/wp\/v2\/product\/247","targetHints":{"allow":["GET"]}}],"collection":[{"href":"https:\/\/lmf.no\/skagerrak-forlag\/wp-json\/wp\/v2\/product"}],"about":[{"href":"https:\/\/lmf.no\/skagerrak-forlag\/wp-json\/wp\/v2\/types\/product"}],"wp:featuredmedia":[{"embeddable":true,"href":"https:\/\/lmf.no\/skagerrak-forlag\/wp-json\/wp\/v2\/media\/1719"}],"wp:attachment":[{"href":"https:\/\/lmf.no\/skagerrak-forlag\/wp-json\/wp\/v2\/media?parent=247"}],"wp:term":[{"taxonomy":"product_brand","embeddable":true,"href":"https:\/\/lmf.no\/skagerrak-forlag\/wp-json\/wp\/v2\/product_brand?post=247"},{"taxonomy":"product_cat","embeddable":true,"href":"https:\/\/lmf.no\/skagerrak-forlag\/wp-json\/wp\/v2\/product_cat?post=247"},{"taxonomy":"product_tag","embeddable":true,"href":"https:\/\/lmf.no\/skagerrak-forlag\/wp-json\/wp\/v2\/product_tag?post=247"}],"curies":[{"name":"wp","href":"https:\/\/api.w.org\/{rel}","templated":true}]}}