{"id":256,"date":"2017-04-13T10:57:18","date_gmt":"2017-04-13T08:57:18","guid":{"rendered":"http:\/\/laeremiddelforlaget.utkast.org\/skagerrak-forlag\/?post_type=product&#038;p=256"},"modified":"2026-01-28T11:58:09","modified_gmt":"2026-01-28T10:58:09","slug":"hafenguide-11-flensburg-danzig-gdansk","status":"publish","type":"product","link":"https:\/\/lmf.no\/skagerrak-forlag\/butikk\/havneguidenharbour\/hafenguide-11-flensburg-danzig-gdansk\/","title":{"rendered":"Hafenguide Flensburg &#8211; Danzig (Gdansk)"},"content":{"rendered":"<p>Forfatter: Glaumann and Hermansson<br \/>\nISBN: 9788292284872<\/p>\n<p>This Harbour Guide describes all anchorages and guest harbours\/marinas from Flensburg to Gdansk.<br \/>\nEach harbour is presented on its own page with a detailed chart, aerial photograph, descriptive text and fact box. The aerial photographs and markings provide you with a quick overview of the character of the harbour, its atmosphere, facilities and fairways, danger spots and mooring points. Special skerries and similar and shallows are marked in the photographs.<br \/>\nThe texts describe the history of the location and provide you with tips and ideas for the various activities available to you in the harbour. You will also find information about sheltered places to lie, how best to moor and what you should pay special attention to.<br \/>\nThe fact boxes provide you with a quick overview of the harbour facilities, useful internet addresses and telephone numbers.<br \/>\nHarbour Guides can be purchased from boat equipment stores, bookshops or online from www.hafenguide.eu.<\/p>\n<p>Dieser Hafenguide deckt die gesamte deutsche und polnische Ostseek\u00fcste zwischen Flensburg und Danzig ab. Es werden sowohl Yachth\u00e4fen als auch Ankerpl\u00e4tze behandelt.<\/p>\n<p>Jeder Hafen wird auf einer eigenen Seite pr\u00e4sentiert. Luftauf-nahmen sowie Hafenpl\u00e4ne und Texte vermitteln wichtige Informationen. Durch die Fotos gewinnen Sie einen schnellen Eindruck vom jeweiligen Hafen und seiner Atmosph\u00e4re; durch die Kombination von Fotos und Hafenpl\u00e4nen bekommen Sie einen guten \u00dcberblick \u00fcber die speziellen Voraussetzungen bei der Ansteuerung und beim Anlegen.<br \/>\nDie Hafenbeschreibungen sind in einen allgemeinen und einen maritimen Teil gegliedert. Im allgemeinen Teil erhalten Sie generelle Informationen zu Ihrem Reiseziel sowie zum historischen und kulturellen Hintergrund der Gegend und m\u00f6glichen Freizeitaktivit\u00e4ten. Im maritimen Teil erfahren Sie, wie und wo Sie Ihr Boot festmachen k\u00f6nnen und was Sie bei der Ansteuerung und Ihrem Aufenthalt im Hafen beachten m\u00fcssen. Hinzu kommen Kontaktinformationen und eine \u00dcbersicht \u00fcber die Serviceeinrichtungen, die Sie im jeweiligen Hafen vorfinden.<br \/>\nDas Buch gliedert sich in vier K\u00fcstengebiete. F\u00fcr jedes K\u00fcstengebiet gibt es eine eigene \u00dcbersichtskarte, auf der jeder einzelne Hafen eingezeichnet ist. Diese Karten werden Ihnen bei der Planung Ihres T\u00f6rns von gro\u00dfem Nutzen sein. Dar\u00fcber hinaus befindet sich eine alphabethische Hafen\u00fcbersicht im hinteren Teil des Buchs.<br \/>\nDie B\u00fccher der Hafenguide-Reihe sind in Segelfachgesch\u00e4ften, im Buchhandel und auf www.hafenguide.eu erh\u00e4ltlich.<\/p>\n<p><a href=\"https:\/\/cdn.flipsnack.com\/widget\/v2\/widget.html?hash=fdt8bjim7&amp;bgcolor=EEEEEE&amp;t=1523536626\" target=\"_blank\" rel=\"noopener noreferrer\">Read some pages in the book<\/a><\/p>\n<p><a href=\"http:\/\/www.harbourguide.com\">Hafenguide Online<\/a><\/p>","protected":false},"excerpt":{"rendered":"<p>Forfatter: Glaumann and Hermansson ISBN: 9788292284872 This Harbour Guide describes all anchorages and guest harbours\/marinas from Flensburg to Gdansk. Each harbour is presented on its own<span class=\"excerpt-hellip\"> [\u2026]<\/span><\/p>\n","protected":false},"featured_media":1710,"template":"","meta":{"rs_blank_template":"","rs_page_bg_color":"","slide_template_v7":""},"product_brand":[],"product_cat":[27],"product_tag":[],"class_list":{"0":"post-256","1":"product","2":"type-product","3":"status-publish","4":"has-post-thumbnail","6":"product_cat-havneguidenharbour","8":"first","9":"instock","10":"taxable","11":"shipping-taxable","12":"purchasable","13":"product-type-simple"},"yoast_head":"<!-- This site is optimized with the Yoast SEO plugin v27.4 - https:\/\/yoast.com\/product\/yoast-seo-wordpress\/ -->\n<title>Hafenguide Flensburg - Danzig (Gdansk) | L\u00e6remiddelforlaget - Skagerrak Forlag AS<\/title>\n<meta name=\"description\" content=\"This Harbour Guide describes all anchorages and guest harbours\/marinas from Flensburg to Gdansk.Each harbour is presented on its own page.\" \/>\n<meta name=\"robots\" content=\"index, follow, max-snippet:-1, max-image-preview:large, max-video-preview:-1\" \/>\n<link rel=\"canonical\" href=\"https:\/\/lmf.no\/skagerrak-forlag\/butikk\/havneguidenharbour\/hafenguide-11-flensburg-danzig-gdansk\/\" \/>\n<meta property=\"og:locale\" content=\"nb_NO\" \/>\n<meta property=\"og:type\" content=\"article\" \/>\n<meta property=\"og:title\" content=\"[:no]Hafenguide Flensburg - Danzig (Gdansk)[:en]Hafenguide 11, Flensburg - Danzig (Gdansk)[:] | L\u00e6remiddelforlaget - Skagerrak Forlag AS\" \/>\n<meta property=\"og:description\" content=\"This Harbour Guide describes all anchorages and guest harbours\/marinas from Flensburg to Gdansk.Each harbour is presented on its own page.\" \/>\n<meta property=\"og:url\" content=\"https:\/\/lmf.no\/skagerrak-forlag\/butikk\/havneguidenharbour\/hafenguide-11-flensburg-danzig-gdansk\/\" \/>\n<meta property=\"og:site_name\" content=\"L\u00e6remiddelforlaget - Skagerrak Forlag AS\" \/>\n<meta property=\"article:modified_time\" content=\"2026-01-28T10:58:09+00:00\" \/>\n<meta property=\"og:image\" content=\"https:\/\/lmf.no\/skagerrak-forlag\/wp-content\/uploads\/2017\/04\/HG-Flensburg.jpg\" \/>\n\t<meta property=\"og:image:width\" content=\"594\" \/>\n\t<meta property=\"og:image:height\" content=\"842\" \/>\n\t<meta property=\"og:image:type\" content=\"image\/jpeg\" \/>\n<meta name=\"twitter:card\" content=\"summary_large_image\" \/>\n<meta name=\"twitter:label1\" content=\"Ansl. lesetid\" \/>\n\t<meta name=\"twitter:data1\" content=\"3 minutter\" \/>\n<script type=\"application\/ld+json\" class=\"yoast-schema-graph\">{\"@context\":\"https:\\\/\\\/schema.org\",\"@graph\":[{\"@type\":\"WebPage\",\"@id\":\"https:\\\/\\\/lmf.no\\\/skagerrak-forlag\\\/butikk\\\/havneguidenharbour\\\/hafenguide-11-flensburg-danzig-gdansk\\\/\",\"url\":\"https:\\\/\\\/lmf.no\\\/skagerrak-forlag\\\/butikk\\\/havneguidenharbour\\\/hafenguide-11-flensburg-danzig-gdansk\\\/\",\"name\":\"[:no]Hafenguide Flensburg - Danzig (Gdansk)[:en]Hafenguide 11, Flensburg - Danzig (Gdansk)[:] | L\u00e6remiddelforlaget - Skagerrak Forlag AS\",\"isPartOf\":{\"@id\":\"https:\\\/\\\/lmf.no\\\/skagerrak-forlag\\\/#website\"},\"primaryImageOfPage\":{\"@id\":\"https:\\\/\\\/lmf.no\\\/skagerrak-forlag\\\/butikk\\\/havneguidenharbour\\\/hafenguide-11-flensburg-danzig-gdansk\\\/#primaryimage\"},\"image\":{\"@id\":\"https:\\\/\\\/lmf.no\\\/skagerrak-forlag\\\/butikk\\\/havneguidenharbour\\\/hafenguide-11-flensburg-danzig-gdansk\\\/#primaryimage\"},\"thumbnailUrl\":\"https:\\\/\\\/lmf.no\\\/skagerrak-forlag\\\/wp-content\\\/uploads\\\/2017\\\/04\\\/HG-Flensburg.jpg\",\"datePublished\":\"2017-04-13T08:57:18+00:00\",\"dateModified\":\"2026-01-28T10:58:09+00:00\",\"description\":\"This Harbour Guide describes all anchorages and guest harbours\\\/marinas from Flensburg to Gdansk.Each harbour is presented on its own page.\",\"breadcrumb\":{\"@id\":\"https:\\\/\\\/lmf.no\\\/skagerrak-forlag\\\/butikk\\\/havneguidenharbour\\\/hafenguide-11-flensburg-danzig-gdansk\\\/#breadcrumb\"},\"inLanguage\":\"nb-NO\",\"potentialAction\":[{\"@type\":\"ReadAction\",\"target\":[\"https:\\\/\\\/lmf.no\\\/skagerrak-forlag\\\/butikk\\\/havneguidenharbour\\\/hafenguide-11-flensburg-danzig-gdansk\\\/\"]}]},{\"@type\":\"ImageObject\",\"inLanguage\":\"nb-NO\",\"@id\":\"https:\\\/\\\/lmf.no\\\/skagerrak-forlag\\\/butikk\\\/havneguidenharbour\\\/hafenguide-11-flensburg-danzig-gdansk\\\/#primaryimage\",\"url\":\"https:\\\/\\\/lmf.no\\\/skagerrak-forlag\\\/wp-content\\\/uploads\\\/2017\\\/04\\\/HG-Flensburg.jpg\",\"contentUrl\":\"https:\\\/\\\/lmf.no\\\/skagerrak-forlag\\\/wp-content\\\/uploads\\\/2017\\\/04\\\/HG-Flensburg.jpg\",\"width\":594,\"height\":842},{\"@type\":\"BreadcrumbList\",\"@id\":\"https:\\\/\\\/lmf.no\\\/skagerrak-forlag\\\/butikk\\\/havneguidenharbour\\\/hafenguide-11-flensburg-danzig-gdansk\\\/#breadcrumb\",\"itemListElement\":[{\"@type\":\"ListItem\",\"position\":1,\"name\":\"Hjem\",\"item\":\"https:\\\/\\\/lmf.no\\\/skagerrak-forlag\\\/\"},{\"@type\":\"ListItem\",\"position\":2,\"name\":\"Butikk\",\"item\":\"https:\\\/\\\/lmf.no\\\/skagerrak-forlag\\\/butikk-2\\\/\"},{\"@type\":\"ListItem\",\"position\":3,\"name\":\"Hafenguide Flensburg &#8211; Danzig (Gdansk)\"}]},{\"@type\":\"WebSite\",\"@id\":\"https:\\\/\\\/lmf.no\\\/skagerrak-forlag\\\/#website\",\"url\":\"https:\\\/\\\/lmf.no\\\/skagerrak-forlag\\\/\",\"name\":\"Skagerrak Forlag AS\",\"description\":\"Utgivelse av l\u00e6reb\u00f8ker\",\"publisher\":{\"@id\":\"https:\\\/\\\/lmf.no\\\/skagerrak-forlag\\\/#organization\"},\"alternateName\":\"L\u00e6remiddelforlaget - Skagerrak Forlag AS\",\"potentialAction\":[{\"@type\":\"SearchAction\",\"target\":{\"@type\":\"EntryPoint\",\"urlTemplate\":\"https:\\\/\\\/lmf.no\\\/skagerrak-forlag\\\/?s={search_term_string}\"},\"query-input\":{\"@type\":\"PropertyValueSpecification\",\"valueRequired\":true,\"valueName\":\"search_term_string\"}}],\"inLanguage\":\"nb-NO\"},{\"@type\":\"Organization\",\"@id\":\"https:\\\/\\\/lmf.no\\\/skagerrak-forlag\\\/#organization\",\"name\":\"Skagerrak Forlag AS\",\"alternateName\":\"L\u00e6remiddelforlaget - Skagerrak Forlag\",\"url\":\"https:\\\/\\\/lmf.no\\\/skagerrak-forlag\\\/\",\"logo\":{\"@type\":\"ImageObject\",\"inLanguage\":\"nb-NO\",\"@id\":\"https:\\\/\\\/lmf.no\\\/skagerrak-forlag\\\/#\\\/schema\\\/logo\\\/image\\\/\",\"url\":\"https:\\\/\\\/lmf.no\\\/skagerrak-forlag\\\/wp-content\\\/uploads\\\/2024\\\/04\\\/skagerrak-forlag.png\",\"contentUrl\":\"https:\\\/\\\/lmf.no\\\/skagerrak-forlag\\\/wp-content\\\/uploads\\\/2024\\\/04\\\/skagerrak-forlag.png\",\"width\":188,\"height\":47,\"caption\":\"Skagerrak Forlag AS\"},\"image\":{\"@id\":\"https:\\\/\\\/lmf.no\\\/skagerrak-forlag\\\/#\\\/schema\\\/logo\\\/image\\\/\"}}]}<\/script>\n<!-- \/ Yoast SEO plugin. -->","yoast_head_json":{"title":"[:no]Hafenguide Flensburg - Danzig (Gdansk)[:en]Hafenguide 11, Flensburg - Danzig (Gdansk)[:] | L\u00e6remiddelforlaget - Skagerrak Forlag AS","description":"This Harbour Guide describes all anchorages and guest harbours\/marinas from Flensburg to Gdansk.Each harbour is presented on its own page.","robots":{"index":"index","follow":"follow","max-snippet":"max-snippet:-1","max-image-preview":"max-image-preview:large","max-video-preview":"max-video-preview:-1"},"canonical":"https:\/\/lmf.no\/skagerrak-forlag\/butikk\/havneguidenharbour\/hafenguide-11-flensburg-danzig-gdansk\/","og_locale":"nb_NO","og_type":"article","og_title":"[:no]Hafenguide Flensburg - Danzig (Gdansk)[:en]Hafenguide 11, Flensburg - Danzig (Gdansk)[:] | L\u00e6remiddelforlaget - Skagerrak Forlag AS","og_description":"This Harbour Guide describes all anchorages and guest harbours\/marinas from Flensburg to Gdansk.Each harbour is presented on its own page.","og_url":"https:\/\/lmf.no\/skagerrak-forlag\/butikk\/havneguidenharbour\/hafenguide-11-flensburg-danzig-gdansk\/","og_site_name":"L\u00e6remiddelforlaget - Skagerrak Forlag AS","article_modified_time":"2026-01-28T10:58:09+00:00","og_image":[{"width":594,"height":842,"url":"https:\/\/lmf.no\/skagerrak-forlag\/wp-content\/uploads\/2017\/04\/HG-Flensburg.jpg","type":"image\/jpeg"}],"twitter_card":"summary_large_image","twitter_misc":{"Ansl. lesetid":"3 minutter"},"schema":{"@context":"https:\/\/schema.org","@graph":[{"@type":"WebPage","@id":"https:\/\/lmf.no\/skagerrak-forlag\/butikk\/havneguidenharbour\/hafenguide-11-flensburg-danzig-gdansk\/","url":"https:\/\/lmf.no\/skagerrak-forlag\/butikk\/havneguidenharbour\/hafenguide-11-flensburg-danzig-gdansk\/","name":"[:no]Hafenguide Flensburg - Danzig (Gdansk)[:en]Hafenguide 11, Flensburg - Danzig (Gdansk)[:] | L\u00e6remiddelforlaget - Skagerrak Forlag AS","isPartOf":{"@id":"https:\/\/lmf.no\/skagerrak-forlag\/#website"},"primaryImageOfPage":{"@id":"https:\/\/lmf.no\/skagerrak-forlag\/butikk\/havneguidenharbour\/hafenguide-11-flensburg-danzig-gdansk\/#primaryimage"},"image":{"@id":"https:\/\/lmf.no\/skagerrak-forlag\/butikk\/havneguidenharbour\/hafenguide-11-flensburg-danzig-gdansk\/#primaryimage"},"thumbnailUrl":"https:\/\/lmf.no\/skagerrak-forlag\/wp-content\/uploads\/2017\/04\/HG-Flensburg.jpg","datePublished":"2017-04-13T08:57:18+00:00","dateModified":"2026-01-28T10:58:09+00:00","description":"This Harbour Guide describes all anchorages and guest harbours\/marinas from Flensburg to Gdansk.Each harbour is presented on its own page.","breadcrumb":{"@id":"https:\/\/lmf.no\/skagerrak-forlag\/butikk\/havneguidenharbour\/hafenguide-11-flensburg-danzig-gdansk\/#breadcrumb"},"inLanguage":"nb-NO","potentialAction":[{"@type":"ReadAction","target":["https:\/\/lmf.no\/skagerrak-forlag\/butikk\/havneguidenharbour\/hafenguide-11-flensburg-danzig-gdansk\/"]}]},{"@type":"ImageObject","inLanguage":"nb-NO","@id":"https:\/\/lmf.no\/skagerrak-forlag\/butikk\/havneguidenharbour\/hafenguide-11-flensburg-danzig-gdansk\/#primaryimage","url":"https:\/\/lmf.no\/skagerrak-forlag\/wp-content\/uploads\/2017\/04\/HG-Flensburg.jpg","contentUrl":"https:\/\/lmf.no\/skagerrak-forlag\/wp-content\/uploads\/2017\/04\/HG-Flensburg.jpg","width":594,"height":842},{"@type":"BreadcrumbList","@id":"https:\/\/lmf.no\/skagerrak-forlag\/butikk\/havneguidenharbour\/hafenguide-11-flensburg-danzig-gdansk\/#breadcrumb","itemListElement":[{"@type":"ListItem","position":1,"name":"Hjem","item":"https:\/\/lmf.no\/skagerrak-forlag\/"},{"@type":"ListItem","position":2,"name":"Butikk","item":"https:\/\/lmf.no\/skagerrak-forlag\/butikk-2\/"},{"@type":"ListItem","position":3,"name":"Hafenguide Flensburg &#8211; Danzig (Gdansk)"}]},{"@type":"WebSite","@id":"https:\/\/lmf.no\/skagerrak-forlag\/#website","url":"https:\/\/lmf.no\/skagerrak-forlag\/","name":"Skagerrak Forlag AS","description":"Utgivelse av l\u00e6reb\u00f8ker","publisher":{"@id":"https:\/\/lmf.no\/skagerrak-forlag\/#organization"},"alternateName":"L\u00e6remiddelforlaget - Skagerrak Forlag AS","potentialAction":[{"@type":"SearchAction","target":{"@type":"EntryPoint","urlTemplate":"https:\/\/lmf.no\/skagerrak-forlag\/?s={search_term_string}"},"query-input":{"@type":"PropertyValueSpecification","valueRequired":true,"valueName":"search_term_string"}}],"inLanguage":"nb-NO"},{"@type":"Organization","@id":"https:\/\/lmf.no\/skagerrak-forlag\/#organization","name":"Skagerrak Forlag AS","alternateName":"L\u00e6remiddelforlaget - Skagerrak Forlag","url":"https:\/\/lmf.no\/skagerrak-forlag\/","logo":{"@type":"ImageObject","inLanguage":"nb-NO","@id":"https:\/\/lmf.no\/skagerrak-forlag\/#\/schema\/logo\/image\/","url":"https:\/\/lmf.no\/skagerrak-forlag\/wp-content\/uploads\/2024\/04\/skagerrak-forlag.png","contentUrl":"https:\/\/lmf.no\/skagerrak-forlag\/wp-content\/uploads\/2024\/04\/skagerrak-forlag.png","width":188,"height":47,"caption":"Skagerrak Forlag AS"},"image":{"@id":"https:\/\/lmf.no\/skagerrak-forlag\/#\/schema\/logo\/image\/"}}]}},"_links":{"self":[{"href":"https:\/\/lmf.no\/skagerrak-forlag\/wp-json\/wp\/v2\/product\/256","targetHints":{"allow":["GET"]}}],"collection":[{"href":"https:\/\/lmf.no\/skagerrak-forlag\/wp-json\/wp\/v2\/product"}],"about":[{"href":"https:\/\/lmf.no\/skagerrak-forlag\/wp-json\/wp\/v2\/types\/product"}],"wp:featuredmedia":[{"embeddable":true,"href":"https:\/\/lmf.no\/skagerrak-forlag\/wp-json\/wp\/v2\/media\/1710"}],"wp:attachment":[{"href":"https:\/\/lmf.no\/skagerrak-forlag\/wp-json\/wp\/v2\/media?parent=256"}],"wp:term":[{"taxonomy":"product_brand","embeddable":true,"href":"https:\/\/lmf.no\/skagerrak-forlag\/wp-json\/wp\/v2\/product_brand?post=256"},{"taxonomy":"product_cat","embeddable":true,"href":"https:\/\/lmf.no\/skagerrak-forlag\/wp-json\/wp\/v2\/product_cat?post=256"},{"taxonomy":"product_tag","embeddable":true,"href":"https:\/\/lmf.no\/skagerrak-forlag\/wp-json\/wp\/v2\/product_tag?post=256"}],"curies":[{"name":"wp","href":"https:\/\/api.w.org\/{rel}","templated":true}]}}