{"id":285,"date":"2017-04-13T10:22:20","date_gmt":"2017-04-13T09:22:20","guid":{"rendered":"http:\/\/laeremiddelforlaget.utkast.org\/skagerrak-forlag\/?post_type=product&#038;p=285"},"modified":"2017-05-03T13:15:50","modified_gmt":"2017-05-03T12:15:50","slug":"gleden-ved-a-ha-bat","status":"publish","type":"product","link":"https:\/\/lmf.no\/skagerrak-forlag\/butikk\/maritim-litteratur\/gleden-ved-a-ha-bat\/gleden-ved-a-ha-bat\/","title":{"rendered":"Gleden ved \u00e5 ha b\u00e5t"},"content":{"rendered":"<p>Forfatter: Odd B\u00f8rretzen<br \/>\nISBN: 9788292284001<\/p>\n<p>&laquo;Gleden ved \u00e5 ha b\u00e5t&raquo; er en bruksbok. Den er alts\u00e5 en bok som skal brukes. Aller helst ombord i b\u00e5ten. Men ogs\u00e5 andre steder. N\u00e5r du tenker p\u00e5 b\u00e5t. For den l\u00e6rer deg mye om b\u00e5tlivet generelt, om motorhold og knuter, fort\u00f8yning og navigering, om fugler, ikke bare om m\u00e5ker. Og om h\u00f8flighet som er viktig p\u00e5 sj\u00f8en som ellers i livet. Boken skal alts\u00e5 vare. Lenge. Den l\u00e6rer deg gleden ved \u00e5 glede deg enda mer. N\u00e5r du har b\u00e5t. Og drar p\u00e5 tur. Og har med deg denne boken.<\/p>\n<p><strong>Terningkast 6 i Seilas!<\/strong><\/p>\n","protected":false},"excerpt":{"rendered":"<p>Forfatter: Odd B\u00f8rretzen ISBN: 9788292284001 &laquo;Gleden ved \u00e5 ha b\u00e5t&raquo; er en bruksbok. Den er alts\u00e5 en bok som skal brukes. Aller helst ombord i b\u00e5ten.<span class=\"excerpt-hellip\"> [\u2026]<\/span><\/p>\n","protected":false},"featured_media":345,"template":"","meta":{"rs_blank_template":"","rs_page_bg_color":"","slide_template_v7":""},"product_brand":[],"product_cat":[33],"product_tag":[],"class_list":{"0":"post-285","1":"product","2":"type-product","3":"status-publish","4":"has-post-thumbnail","6":"product_cat-gleden-ved-a-ha-bat","8":"first","9":"instock","10":"taxable","11":"shipping-taxable","12":"purchasable","13":"product-type-simple"},"yoast_head":"<!-- This site is optimized with the Yoast SEO plugin v27.4 - https:\/\/yoast.com\/product\/yoast-seo-wordpress\/ -->\n<title>Gleden ved \u00e5 ha b\u00e5t | L\u00e6remiddelforlaget - Skagerrak Forlag AS<\/title>\n<meta name=\"robots\" content=\"index, follow, max-snippet:-1, max-image-preview:large, max-video-preview:-1\" \/>\n<link rel=\"canonical\" href=\"https:\/\/lmf.no\/skagerrak-forlag\/butikk\/maritim-litteratur\/gleden-ved-a-ha-bat\/gleden-ved-a-ha-bat\/\" \/>\n<meta property=\"og:locale\" content=\"nb_NO\" \/>\n<meta property=\"og:type\" content=\"article\" \/>\n<meta property=\"og:title\" content=\"Gleden ved \u00e5 ha b\u00e5t | L\u00e6remiddelforlaget - Skagerrak Forlag AS\" \/>\n<meta property=\"og:description\" content=\"Forfatter: Odd B\u00f8rretzen ISBN: 9788292284001 &laquo;Gleden ved \u00e5 ha b\u00e5t&raquo; er en bruksbok. Den er alts\u00e5 en bok som skal brukes. Aller helst ombord i b\u00e5ten. [\u2026]\" \/>\n<meta property=\"og:url\" content=\"https:\/\/lmf.no\/skagerrak-forlag\/butikk\/maritim-litteratur\/gleden-ved-a-ha-bat\/gleden-ved-a-ha-bat\/\" \/>\n<meta property=\"og:site_name\" content=\"L\u00e6remiddelforlaget - Skagerrak Forlag AS\" \/>\n<meta property=\"article:modified_time\" content=\"2017-05-03T12:15:50+00:00\" \/>\n<meta property=\"og:image\" content=\"https:\/\/lmf.no\/skagerrak-forlag\/wp-content\/uploads\/2017\/04\/p1.png\" \/>\n\t<meta property=\"og:image:width\" content=\"200\" \/>\n\t<meta property=\"og:image:height\" content=\"270\" \/>\n\t<meta property=\"og:image:type\" content=\"image\/png\" \/>\n<meta name=\"twitter:card\" content=\"summary_large_image\" \/>\n<meta name=\"twitter:label1\" content=\"Ansl. lesetid\" \/>\n\t<meta name=\"twitter:data1\" content=\"1 minutt\" \/>\n<script type=\"application\/ld+json\" class=\"yoast-schema-graph\">{\"@context\":\"https:\\\/\\\/schema.org\",\"@graph\":[{\"@type\":\"WebPage\",\"@id\":\"https:\\\/\\\/lmf.no\\\/skagerrak-forlag\\\/butikk\\\/maritim-litteratur\\\/gleden-ved-a-ha-bat\\\/gleden-ved-a-ha-bat\\\/\",\"url\":\"https:\\\/\\\/lmf.no\\\/skagerrak-forlag\\\/butikk\\\/maritim-litteratur\\\/gleden-ved-a-ha-bat\\\/gleden-ved-a-ha-bat\\\/\",\"name\":\"Gleden ved \u00e5 ha b\u00e5t | L\u00e6remiddelforlaget - Skagerrak Forlag AS\",\"isPartOf\":{\"@id\":\"https:\\\/\\\/lmf.no\\\/skagerrak-forlag\\\/#website\"},\"primaryImageOfPage\":{\"@id\":\"https:\\\/\\\/lmf.no\\\/skagerrak-forlag\\\/butikk\\\/maritim-litteratur\\\/gleden-ved-a-ha-bat\\\/gleden-ved-a-ha-bat\\\/#primaryimage\"},\"image\":{\"@id\":\"https:\\\/\\\/lmf.no\\\/skagerrak-forlag\\\/butikk\\\/maritim-litteratur\\\/gleden-ved-a-ha-bat\\\/gleden-ved-a-ha-bat\\\/#primaryimage\"},\"thumbnailUrl\":\"https:\\\/\\\/lmf.no\\\/skagerrak-forlag\\\/wp-content\\\/uploads\\\/2017\\\/04\\\/p1.png\",\"datePublished\":\"2017-04-13T09:22:20+00:00\",\"dateModified\":\"2017-05-03T12:15:50+00:00\",\"breadcrumb\":{\"@id\":\"https:\\\/\\\/lmf.no\\\/skagerrak-forlag\\\/butikk\\\/maritim-litteratur\\\/gleden-ved-a-ha-bat\\\/gleden-ved-a-ha-bat\\\/#breadcrumb\"},\"inLanguage\":\"nb-NO\",\"potentialAction\":[{\"@type\":\"ReadAction\",\"target\":[\"https:\\\/\\\/lmf.no\\\/skagerrak-forlag\\\/butikk\\\/maritim-litteratur\\\/gleden-ved-a-ha-bat\\\/gleden-ved-a-ha-bat\\\/\"]}]},{\"@type\":\"ImageObject\",\"inLanguage\":\"nb-NO\",\"@id\":\"https:\\\/\\\/lmf.no\\\/skagerrak-forlag\\\/butikk\\\/maritim-litteratur\\\/gleden-ved-a-ha-bat\\\/gleden-ved-a-ha-bat\\\/#primaryimage\",\"url\":\"https:\\\/\\\/lmf.no\\\/skagerrak-forlag\\\/wp-content\\\/uploads\\\/2017\\\/04\\\/p1.png\",\"contentUrl\":\"https:\\\/\\\/lmf.no\\\/skagerrak-forlag\\\/wp-content\\\/uploads\\\/2017\\\/04\\\/p1.png\",\"width\":200,\"height\":270},{\"@type\":\"BreadcrumbList\",\"@id\":\"https:\\\/\\\/lmf.no\\\/skagerrak-forlag\\\/butikk\\\/maritim-litteratur\\\/gleden-ved-a-ha-bat\\\/gleden-ved-a-ha-bat\\\/#breadcrumb\",\"itemListElement\":[{\"@type\":\"ListItem\",\"position\":1,\"name\":\"Hjem\",\"item\":\"https:\\\/\\\/lmf.no\\\/skagerrak-forlag\\\/\"},{\"@type\":\"ListItem\",\"position\":2,\"name\":\"Butikk\",\"item\":\"https:\\\/\\\/lmf.no\\\/skagerrak-forlag\\\/butikk-2\\\/\"},{\"@type\":\"ListItem\",\"position\":3,\"name\":\"Gleden ved \u00e5 ha b\u00e5t\"}]},{\"@type\":\"WebSite\",\"@id\":\"https:\\\/\\\/lmf.no\\\/skagerrak-forlag\\\/#website\",\"url\":\"https:\\\/\\\/lmf.no\\\/skagerrak-forlag\\\/\",\"name\":\"Skagerrak Forlag AS\",\"description\":\"Utgivelse av l\u00e6reb\u00f8ker\",\"publisher\":{\"@id\":\"https:\\\/\\\/lmf.no\\\/skagerrak-forlag\\\/#organization\"},\"alternateName\":\"L\u00e6remiddelforlaget - Skagerrak Forlag AS\",\"potentialAction\":[{\"@type\":\"SearchAction\",\"target\":{\"@type\":\"EntryPoint\",\"urlTemplate\":\"https:\\\/\\\/lmf.no\\\/skagerrak-forlag\\\/?s={search_term_string}\"},\"query-input\":{\"@type\":\"PropertyValueSpecification\",\"valueRequired\":true,\"valueName\":\"search_term_string\"}}],\"inLanguage\":\"nb-NO\"},{\"@type\":\"Organization\",\"@id\":\"https:\\\/\\\/lmf.no\\\/skagerrak-forlag\\\/#organization\",\"name\":\"Skagerrak Forlag AS\",\"alternateName\":\"L\u00e6remiddelforlaget - Skagerrak Forlag\",\"url\":\"https:\\\/\\\/lmf.no\\\/skagerrak-forlag\\\/\",\"logo\":{\"@type\":\"ImageObject\",\"inLanguage\":\"nb-NO\",\"@id\":\"https:\\\/\\\/lmf.no\\\/skagerrak-forlag\\\/#\\\/schema\\\/logo\\\/image\\\/\",\"url\":\"https:\\\/\\\/lmf.no\\\/skagerrak-forlag\\\/wp-content\\\/uploads\\\/2024\\\/04\\\/skagerrak-forlag.png\",\"contentUrl\":\"https:\\\/\\\/lmf.no\\\/skagerrak-forlag\\\/wp-content\\\/uploads\\\/2024\\\/04\\\/skagerrak-forlag.png\",\"width\":188,\"height\":47,\"caption\":\"Skagerrak Forlag AS\"},\"image\":{\"@id\":\"https:\\\/\\\/lmf.no\\\/skagerrak-forlag\\\/#\\\/schema\\\/logo\\\/image\\\/\"}}]}<\/script>\n<!-- \/ Yoast SEO plugin. -->","yoast_head_json":{"title":"Gleden ved \u00e5 ha b\u00e5t | L\u00e6remiddelforlaget - Skagerrak Forlag AS","robots":{"index":"index","follow":"follow","max-snippet":"max-snippet:-1","max-image-preview":"max-image-preview:large","max-video-preview":"max-video-preview:-1"},"canonical":"https:\/\/lmf.no\/skagerrak-forlag\/butikk\/maritim-litteratur\/gleden-ved-a-ha-bat\/gleden-ved-a-ha-bat\/","og_locale":"nb_NO","og_type":"article","og_title":"Gleden ved \u00e5 ha b\u00e5t | L\u00e6remiddelforlaget - Skagerrak Forlag AS","og_description":"Forfatter: Odd B\u00f8rretzen ISBN: 9788292284001 &laquo;Gleden ved \u00e5 ha b\u00e5t&raquo; er en bruksbok. Den er alts\u00e5 en bok som skal brukes. Aller helst ombord i b\u00e5ten. [\u2026]","og_url":"https:\/\/lmf.no\/skagerrak-forlag\/butikk\/maritim-litteratur\/gleden-ved-a-ha-bat\/gleden-ved-a-ha-bat\/","og_site_name":"L\u00e6remiddelforlaget - Skagerrak Forlag AS","article_modified_time":"2017-05-03T12:15:50+00:00","og_image":[{"width":200,"height":270,"url":"https:\/\/lmf.no\/skagerrak-forlag\/wp-content\/uploads\/2017\/04\/p1.png","type":"image\/png"}],"twitter_card":"summary_large_image","twitter_misc":{"Ansl. lesetid":"1 minutt"},"schema":{"@context":"https:\/\/schema.org","@graph":[{"@type":"WebPage","@id":"https:\/\/lmf.no\/skagerrak-forlag\/butikk\/maritim-litteratur\/gleden-ved-a-ha-bat\/gleden-ved-a-ha-bat\/","url":"https:\/\/lmf.no\/skagerrak-forlag\/butikk\/maritim-litteratur\/gleden-ved-a-ha-bat\/gleden-ved-a-ha-bat\/","name":"Gleden ved \u00e5 ha b\u00e5t | L\u00e6remiddelforlaget - Skagerrak Forlag AS","isPartOf":{"@id":"https:\/\/lmf.no\/skagerrak-forlag\/#website"},"primaryImageOfPage":{"@id":"https:\/\/lmf.no\/skagerrak-forlag\/butikk\/maritim-litteratur\/gleden-ved-a-ha-bat\/gleden-ved-a-ha-bat\/#primaryimage"},"image":{"@id":"https:\/\/lmf.no\/skagerrak-forlag\/butikk\/maritim-litteratur\/gleden-ved-a-ha-bat\/gleden-ved-a-ha-bat\/#primaryimage"},"thumbnailUrl":"https:\/\/lmf.no\/skagerrak-forlag\/wp-content\/uploads\/2017\/04\/p1.png","datePublished":"2017-04-13T09:22:20+00:00","dateModified":"2017-05-03T12:15:50+00:00","breadcrumb":{"@id":"https:\/\/lmf.no\/skagerrak-forlag\/butikk\/maritim-litteratur\/gleden-ved-a-ha-bat\/gleden-ved-a-ha-bat\/#breadcrumb"},"inLanguage":"nb-NO","potentialAction":[{"@type":"ReadAction","target":["https:\/\/lmf.no\/skagerrak-forlag\/butikk\/maritim-litteratur\/gleden-ved-a-ha-bat\/gleden-ved-a-ha-bat\/"]}]},{"@type":"ImageObject","inLanguage":"nb-NO","@id":"https:\/\/lmf.no\/skagerrak-forlag\/butikk\/maritim-litteratur\/gleden-ved-a-ha-bat\/gleden-ved-a-ha-bat\/#primaryimage","url":"https:\/\/lmf.no\/skagerrak-forlag\/wp-content\/uploads\/2017\/04\/p1.png","contentUrl":"https:\/\/lmf.no\/skagerrak-forlag\/wp-content\/uploads\/2017\/04\/p1.png","width":200,"height":270},{"@type":"BreadcrumbList","@id":"https:\/\/lmf.no\/skagerrak-forlag\/butikk\/maritim-litteratur\/gleden-ved-a-ha-bat\/gleden-ved-a-ha-bat\/#breadcrumb","itemListElement":[{"@type":"ListItem","position":1,"name":"Hjem","item":"https:\/\/lmf.no\/skagerrak-forlag\/"},{"@type":"ListItem","position":2,"name":"Butikk","item":"https:\/\/lmf.no\/skagerrak-forlag\/butikk-2\/"},{"@type":"ListItem","position":3,"name":"Gleden ved \u00e5 ha b\u00e5t"}]},{"@type":"WebSite","@id":"https:\/\/lmf.no\/skagerrak-forlag\/#website","url":"https:\/\/lmf.no\/skagerrak-forlag\/","name":"Skagerrak Forlag AS","description":"Utgivelse av l\u00e6reb\u00f8ker","publisher":{"@id":"https:\/\/lmf.no\/skagerrak-forlag\/#organization"},"alternateName":"L\u00e6remiddelforlaget - Skagerrak Forlag AS","potentialAction":[{"@type":"SearchAction","target":{"@type":"EntryPoint","urlTemplate":"https:\/\/lmf.no\/skagerrak-forlag\/?s={search_term_string}"},"query-input":{"@type":"PropertyValueSpecification","valueRequired":true,"valueName":"search_term_string"}}],"inLanguage":"nb-NO"},{"@type":"Organization","@id":"https:\/\/lmf.no\/skagerrak-forlag\/#organization","name":"Skagerrak Forlag AS","alternateName":"L\u00e6remiddelforlaget - Skagerrak Forlag","url":"https:\/\/lmf.no\/skagerrak-forlag\/","logo":{"@type":"ImageObject","inLanguage":"nb-NO","@id":"https:\/\/lmf.no\/skagerrak-forlag\/#\/schema\/logo\/image\/","url":"https:\/\/lmf.no\/skagerrak-forlag\/wp-content\/uploads\/2024\/04\/skagerrak-forlag.png","contentUrl":"https:\/\/lmf.no\/skagerrak-forlag\/wp-content\/uploads\/2024\/04\/skagerrak-forlag.png","width":188,"height":47,"caption":"Skagerrak Forlag AS"},"image":{"@id":"https:\/\/lmf.no\/skagerrak-forlag\/#\/schema\/logo\/image\/"}}]}},"_links":{"self":[{"href":"https:\/\/lmf.no\/skagerrak-forlag\/wp-json\/wp\/v2\/product\/285","targetHints":{"allow":["GET"]}}],"collection":[{"href":"https:\/\/lmf.no\/skagerrak-forlag\/wp-json\/wp\/v2\/product"}],"about":[{"href":"https:\/\/lmf.no\/skagerrak-forlag\/wp-json\/wp\/v2\/types\/product"}],"wp:featuredmedia":[{"embeddable":true,"href":"https:\/\/lmf.no\/skagerrak-forlag\/wp-json\/wp\/v2\/media\/345"}],"wp:attachment":[{"href":"https:\/\/lmf.no\/skagerrak-forlag\/wp-json\/wp\/v2\/media?parent=285"}],"wp:term":[{"taxonomy":"product_brand","embeddable":true,"href":"https:\/\/lmf.no\/skagerrak-forlag\/wp-json\/wp\/v2\/product_brand?post=285"},{"taxonomy":"product_cat","embeddable":true,"href":"https:\/\/lmf.no\/skagerrak-forlag\/wp-json\/wp\/v2\/product_cat?post=285"},{"taxonomy":"product_tag","embeddable":true,"href":"https:\/\/lmf.no\/skagerrak-forlag\/wp-json\/wp\/v2\/product_tag?post=285"}],"curies":[{"name":"wp","href":"https:\/\/api.w.org\/{rel}","templated":true}]}}