{"id":291,"date":"2017-04-13T10:27:03","date_gmt":"2017-04-13T09:27:03","guid":{"rendered":"http:\/\/laeremiddelforlaget.utkast.org\/skagerrak-forlag\/?post_type=product&#038;p=291"},"modified":"2026-01-28T11:58:13","modified_gmt":"2026-01-28T10:58:13","slug":"kong-harald-v-seileren-som-ble-en-av-gutta","status":"publish","type":"product","link":"https:\/\/lmf.no\/skagerrak-forlag\/butikk\/other-literature\/king-harald-v\/kong-harald-v-seileren-som-ble-en-av-gutta\/","title":{"rendered":"Kong Harald V &#8211; Seileren som ble en av gutta"},"content":{"rendered":"<p>Forfatter: Jon Amtrup<br \/>\nISBN: Tilbudspris til Redningsselskapets medlemmer 378 &#8211; 40 % = kr 225 inkludert frakt<\/p>\n<p><strong>VG: Den som vil bedre kjent med kongen, anbefales \u00e5 ta sj\u00f8veien<\/strong><\/p>\n<p>Dette er den autoriserte biografien om kong Harald Vs liv som seiler. Seiling er kongens store lidenskap. I dette milj\u00f8et tar han en pause fra kongsgjerningen og f\u00e5r anledning til \u00e5 v\u00e6re en vanlig seiler. Her trer hans personlighet klarere fram, og vi blir kjent med kongens tanker og f\u00f8lelser. Forfatteren Jon Amtrup har hatt flere samtaler med kongen, b\u00e5de p\u00e5 Slottet og i seilb\u00e5t. I tillegg har han intervjuet dronning Sonja, kronprins Haakon Magnus, prinsesse M\u00e4rtha Louise, prinsesse Ragnhild, prinsesse Astrid og kong Haralds mange seilervenner. Alle har p\u00e5 sin m\u00e5te bidratt til \u00e5 tegne et portrett av en ekte seilerkonge. Boken inneholder bilder og historier som enn\u00e5 ikke er blitt publisert. Gled deg til \u00e5 bli kjent med kong Harald V!<\/p>\n<p>NB! Fraktfri levering som servicepakke.<br \/>\n(Det st\u00e5r feil p\u00e5 bestillingsside\/ordrebekreftelse).<\/p>\n<p><a href=\"http:\/\/lmf.no\/uploads\/userfiles\/files\/seilerkongen.swf\" target=\"_blank\">Bla i boka<\/a><\/p>\n","protected":false},"excerpt":{"rendered":"<p>Forfatter: Jon Amtrup ISBN: Tilbudspris til Redningsselskapets medlemmer 378 &#8211; 40 % = kr 225 inkludert frakt VG: Den som vil bedre kjent med kongen, anbefales<span class=\"excerpt-hellip\"> [\u2026]<\/span><\/p>\n","protected":false},"featured_media":296,"template":"","meta":{"rs_blank_template":"","rs_page_bg_color":"","slide_template_v7":""},"product_brand":[],"product_cat":[38],"product_tag":[],"class_list":{"0":"post-291","1":"product","2":"type-product","3":"status-publish","4":"has-post-thumbnail","6":"product_cat-king-harald-v","8":"first","9":"instock","10":"taxable","11":"shipping-taxable","12":"purchasable","13":"product-type-simple"},"yoast_head":"<!-- This site is optimized with the Yoast SEO plugin v27.4 - https:\/\/yoast.com\/product\/yoast-seo-wordpress\/ -->\n<title>Kong Harald V - Seileren som ble en av gutta | L\u00e6remiddelforlaget - Skagerrak Forlag AS<\/title>\n<meta name=\"robots\" content=\"index, follow, max-snippet:-1, max-image-preview:large, max-video-preview:-1\" \/>\n<link rel=\"canonical\" href=\"https:\/\/lmf.no\/skagerrak-forlag\/en\/butikk\/other-literature\/king-harald-v\/kong-harald-v-seileren-som-ble-en-av-gutta\/\" \/>\n<meta property=\"og:locale\" content=\"nb_NO\" \/>\n<meta property=\"og:type\" content=\"article\" \/>\n<meta property=\"og:title\" content=\"Kong Harald V - Seileren som ble en av gutta | L\u00e6remiddelforlaget - Skagerrak Forlag AS\" \/>\n<meta property=\"og:description\" content=\"Forfatter: Jon Amtrup ISBN: Tilbudspris til Redningsselskapets medlemmer 378 &#8211; 40 % = kr 225 inkludert frakt VG: Den som vil bedre kjent med kongen, anbefales [\u2026]\" \/>\n<meta property=\"og:url\" content=\"https:\/\/lmf.no\/skagerrak-forlag\/en\/butikk\/other-literature\/king-harald-v\/kong-harald-v-seileren-som-ble-en-av-gutta\/\" \/>\n<meta property=\"og:site_name\" content=\"L\u00e6remiddelforlaget - Skagerrak Forlag AS\" \/>\n<meta property=\"article:modified_time\" content=\"2026-01-28T10:58:13+00:00\" \/>\n<meta property=\"og:image\" content=\"https:\/\/lmf.no\/skagerrak-forlag\/wp-content\/uploads\/2017\/04\/Seilerkongen_forside_web_1.jpg\" \/>\n\t<meta property=\"og:image:width\" content=\"200\" \/>\n\t<meta property=\"og:image:height\" content=\"252\" \/>\n\t<meta property=\"og:image:type\" content=\"image\/jpeg\" \/>\n<meta name=\"twitter:card\" content=\"summary_large_image\" \/>\n<meta name=\"twitter:label1\" content=\"Ansl. lesetid\" \/>\n\t<meta name=\"twitter:data1\" content=\"1 minutt\" \/>\n<script type=\"application\/ld+json\" class=\"yoast-schema-graph\">{\"@context\":\"https:\\\/\\\/schema.org\",\"@graph\":[{\"@type\":\"WebPage\",\"@id\":\"https:\\\/\\\/lmf.no\\\/skagerrak-forlag\\\/en\\\/butikk\\\/other-literature\\\/king-harald-v\\\/kong-harald-v-seileren-som-ble-en-av-gutta\\\/\",\"url\":\"https:\\\/\\\/lmf.no\\\/skagerrak-forlag\\\/en\\\/butikk\\\/other-literature\\\/king-harald-v\\\/kong-harald-v-seileren-som-ble-en-av-gutta\\\/\",\"name\":\"Kong Harald V - Seileren som ble en av gutta | L\u00e6remiddelforlaget - Skagerrak Forlag AS\",\"isPartOf\":{\"@id\":\"https:\\\/\\\/lmf.no\\\/skagerrak-forlag\\\/#website\"},\"primaryImageOfPage\":{\"@id\":\"https:\\\/\\\/lmf.no\\\/skagerrak-forlag\\\/en\\\/butikk\\\/other-literature\\\/king-harald-v\\\/kong-harald-v-seileren-som-ble-en-av-gutta\\\/#primaryimage\"},\"image\":{\"@id\":\"https:\\\/\\\/lmf.no\\\/skagerrak-forlag\\\/en\\\/butikk\\\/other-literature\\\/king-harald-v\\\/kong-harald-v-seileren-som-ble-en-av-gutta\\\/#primaryimage\"},\"thumbnailUrl\":\"https:\\\/\\\/lmf.no\\\/skagerrak-forlag\\\/wp-content\\\/uploads\\\/2017\\\/04\\\/Seilerkongen_forside_web_1.jpg\",\"datePublished\":\"2017-04-13T09:27:03+00:00\",\"dateModified\":\"2026-01-28T10:58:13+00:00\",\"breadcrumb\":{\"@id\":\"https:\\\/\\\/lmf.no\\\/skagerrak-forlag\\\/en\\\/butikk\\\/other-literature\\\/king-harald-v\\\/kong-harald-v-seileren-som-ble-en-av-gutta\\\/#breadcrumb\"},\"inLanguage\":\"nb-NO\",\"potentialAction\":[{\"@type\":\"ReadAction\",\"target\":[\"https:\\\/\\\/lmf.no\\\/skagerrak-forlag\\\/en\\\/butikk\\\/other-literature\\\/king-harald-v\\\/kong-harald-v-seileren-som-ble-en-av-gutta\\\/\"]}]},{\"@type\":\"ImageObject\",\"inLanguage\":\"nb-NO\",\"@id\":\"https:\\\/\\\/lmf.no\\\/skagerrak-forlag\\\/en\\\/butikk\\\/other-literature\\\/king-harald-v\\\/kong-harald-v-seileren-som-ble-en-av-gutta\\\/#primaryimage\",\"url\":\"https:\\\/\\\/lmf.no\\\/skagerrak-forlag\\\/wp-content\\\/uploads\\\/2017\\\/04\\\/Seilerkongen_forside_web_1.jpg\",\"contentUrl\":\"https:\\\/\\\/lmf.no\\\/skagerrak-forlag\\\/wp-content\\\/uploads\\\/2017\\\/04\\\/Seilerkongen_forside_web_1.jpg\",\"width\":200,\"height\":252},{\"@type\":\"BreadcrumbList\",\"@id\":\"https:\\\/\\\/lmf.no\\\/skagerrak-forlag\\\/en\\\/butikk\\\/other-literature\\\/king-harald-v\\\/kong-harald-v-seileren-som-ble-en-av-gutta\\\/#breadcrumb\",\"itemListElement\":[{\"@type\":\"ListItem\",\"position\":1,\"name\":\"Hjem\",\"item\":\"https:\\\/\\\/lmf.no\\\/skagerrak-forlag\\\/\"},{\"@type\":\"ListItem\",\"position\":2,\"name\":\"Butikk\",\"item\":\"https:\\\/\\\/lmf.no\\\/skagerrak-forlag\\\/butikk-2\\\/\"},{\"@type\":\"ListItem\",\"position\":3,\"name\":\"Kong Harald V &#8211; Seileren som ble en av gutta\"}]},{\"@type\":\"WebSite\",\"@id\":\"https:\\\/\\\/lmf.no\\\/skagerrak-forlag\\\/#website\",\"url\":\"https:\\\/\\\/lmf.no\\\/skagerrak-forlag\\\/\",\"name\":\"Skagerrak Forlag AS\",\"description\":\"Utgivelse av l\u00e6reb\u00f8ker\",\"publisher\":{\"@id\":\"https:\\\/\\\/lmf.no\\\/skagerrak-forlag\\\/#organization\"},\"alternateName\":\"L\u00e6remiddelforlaget - Skagerrak Forlag AS\",\"potentialAction\":[{\"@type\":\"SearchAction\",\"target\":{\"@type\":\"EntryPoint\",\"urlTemplate\":\"https:\\\/\\\/lmf.no\\\/skagerrak-forlag\\\/?s={search_term_string}\"},\"query-input\":{\"@type\":\"PropertyValueSpecification\",\"valueRequired\":true,\"valueName\":\"search_term_string\"}}],\"inLanguage\":\"nb-NO\"},{\"@type\":\"Organization\",\"@id\":\"https:\\\/\\\/lmf.no\\\/skagerrak-forlag\\\/#organization\",\"name\":\"Skagerrak Forlag AS\",\"alternateName\":\"L\u00e6remiddelforlaget - Skagerrak Forlag\",\"url\":\"https:\\\/\\\/lmf.no\\\/skagerrak-forlag\\\/\",\"logo\":{\"@type\":\"ImageObject\",\"inLanguage\":\"nb-NO\",\"@id\":\"https:\\\/\\\/lmf.no\\\/skagerrak-forlag\\\/#\\\/schema\\\/logo\\\/image\\\/\",\"url\":\"https:\\\/\\\/lmf.no\\\/skagerrak-forlag\\\/wp-content\\\/uploads\\\/2024\\\/04\\\/skagerrak-forlag.png\",\"contentUrl\":\"https:\\\/\\\/lmf.no\\\/skagerrak-forlag\\\/wp-content\\\/uploads\\\/2024\\\/04\\\/skagerrak-forlag.png\",\"width\":188,\"height\":47,\"caption\":\"Skagerrak Forlag AS\"},\"image\":{\"@id\":\"https:\\\/\\\/lmf.no\\\/skagerrak-forlag\\\/#\\\/schema\\\/logo\\\/image\\\/\"}}]}<\/script>\n<!-- \/ Yoast SEO plugin. -->","yoast_head_json":{"title":"Kong Harald V - Seileren som ble en av gutta | L\u00e6remiddelforlaget - Skagerrak Forlag AS","robots":{"index":"index","follow":"follow","max-snippet":"max-snippet:-1","max-image-preview":"max-image-preview:large","max-video-preview":"max-video-preview:-1"},"canonical":"https:\/\/lmf.no\/skagerrak-forlag\/en\/butikk\/other-literature\/king-harald-v\/kong-harald-v-seileren-som-ble-en-av-gutta\/","og_locale":"nb_NO","og_type":"article","og_title":"Kong Harald V - Seileren som ble en av gutta | L\u00e6remiddelforlaget - Skagerrak Forlag AS","og_description":"Forfatter: Jon Amtrup ISBN: Tilbudspris til Redningsselskapets medlemmer 378 &#8211; 40 % = kr 225 inkludert frakt VG: Den som vil bedre kjent med kongen, anbefales [\u2026]","og_url":"https:\/\/lmf.no\/skagerrak-forlag\/en\/butikk\/other-literature\/king-harald-v\/kong-harald-v-seileren-som-ble-en-av-gutta\/","og_site_name":"L\u00e6remiddelforlaget - Skagerrak Forlag AS","article_modified_time":"2026-01-28T10:58:13+00:00","og_image":[{"width":200,"height":252,"url":"https:\/\/lmf.no\/skagerrak-forlag\/wp-content\/uploads\/2017\/04\/Seilerkongen_forside_web_1.jpg","type":"image\/jpeg"}],"twitter_card":"summary_large_image","twitter_misc":{"Ansl. lesetid":"1 minutt"},"schema":{"@context":"https:\/\/schema.org","@graph":[{"@type":"WebPage","@id":"https:\/\/lmf.no\/skagerrak-forlag\/en\/butikk\/other-literature\/king-harald-v\/kong-harald-v-seileren-som-ble-en-av-gutta\/","url":"https:\/\/lmf.no\/skagerrak-forlag\/en\/butikk\/other-literature\/king-harald-v\/kong-harald-v-seileren-som-ble-en-av-gutta\/","name":"Kong Harald V - Seileren som ble en av gutta | L\u00e6remiddelforlaget - Skagerrak Forlag AS","isPartOf":{"@id":"https:\/\/lmf.no\/skagerrak-forlag\/#website"},"primaryImageOfPage":{"@id":"https:\/\/lmf.no\/skagerrak-forlag\/en\/butikk\/other-literature\/king-harald-v\/kong-harald-v-seileren-som-ble-en-av-gutta\/#primaryimage"},"image":{"@id":"https:\/\/lmf.no\/skagerrak-forlag\/en\/butikk\/other-literature\/king-harald-v\/kong-harald-v-seileren-som-ble-en-av-gutta\/#primaryimage"},"thumbnailUrl":"https:\/\/lmf.no\/skagerrak-forlag\/wp-content\/uploads\/2017\/04\/Seilerkongen_forside_web_1.jpg","datePublished":"2017-04-13T09:27:03+00:00","dateModified":"2026-01-28T10:58:13+00:00","breadcrumb":{"@id":"https:\/\/lmf.no\/skagerrak-forlag\/en\/butikk\/other-literature\/king-harald-v\/kong-harald-v-seileren-som-ble-en-av-gutta\/#breadcrumb"},"inLanguage":"nb-NO","potentialAction":[{"@type":"ReadAction","target":["https:\/\/lmf.no\/skagerrak-forlag\/en\/butikk\/other-literature\/king-harald-v\/kong-harald-v-seileren-som-ble-en-av-gutta\/"]}]},{"@type":"ImageObject","inLanguage":"nb-NO","@id":"https:\/\/lmf.no\/skagerrak-forlag\/en\/butikk\/other-literature\/king-harald-v\/kong-harald-v-seileren-som-ble-en-av-gutta\/#primaryimage","url":"https:\/\/lmf.no\/skagerrak-forlag\/wp-content\/uploads\/2017\/04\/Seilerkongen_forside_web_1.jpg","contentUrl":"https:\/\/lmf.no\/skagerrak-forlag\/wp-content\/uploads\/2017\/04\/Seilerkongen_forside_web_1.jpg","width":200,"height":252},{"@type":"BreadcrumbList","@id":"https:\/\/lmf.no\/skagerrak-forlag\/en\/butikk\/other-literature\/king-harald-v\/kong-harald-v-seileren-som-ble-en-av-gutta\/#breadcrumb","itemListElement":[{"@type":"ListItem","position":1,"name":"Hjem","item":"https:\/\/lmf.no\/skagerrak-forlag\/"},{"@type":"ListItem","position":2,"name":"Butikk","item":"https:\/\/lmf.no\/skagerrak-forlag\/butikk-2\/"},{"@type":"ListItem","position":3,"name":"Kong Harald V &#8211; Seileren som ble en av gutta"}]},{"@type":"WebSite","@id":"https:\/\/lmf.no\/skagerrak-forlag\/#website","url":"https:\/\/lmf.no\/skagerrak-forlag\/","name":"Skagerrak Forlag AS","description":"Utgivelse av l\u00e6reb\u00f8ker","publisher":{"@id":"https:\/\/lmf.no\/skagerrak-forlag\/#organization"},"alternateName":"L\u00e6remiddelforlaget - Skagerrak Forlag AS","potentialAction":[{"@type":"SearchAction","target":{"@type":"EntryPoint","urlTemplate":"https:\/\/lmf.no\/skagerrak-forlag\/?s={search_term_string}"},"query-input":{"@type":"PropertyValueSpecification","valueRequired":true,"valueName":"search_term_string"}}],"inLanguage":"nb-NO"},{"@type":"Organization","@id":"https:\/\/lmf.no\/skagerrak-forlag\/#organization","name":"Skagerrak Forlag AS","alternateName":"L\u00e6remiddelforlaget - Skagerrak Forlag","url":"https:\/\/lmf.no\/skagerrak-forlag\/","logo":{"@type":"ImageObject","inLanguage":"nb-NO","@id":"https:\/\/lmf.no\/skagerrak-forlag\/#\/schema\/logo\/image\/","url":"https:\/\/lmf.no\/skagerrak-forlag\/wp-content\/uploads\/2024\/04\/skagerrak-forlag.png","contentUrl":"https:\/\/lmf.no\/skagerrak-forlag\/wp-content\/uploads\/2024\/04\/skagerrak-forlag.png","width":188,"height":47,"caption":"Skagerrak Forlag AS"},"image":{"@id":"https:\/\/lmf.no\/skagerrak-forlag\/#\/schema\/logo\/image\/"}}]}},"_links":{"self":[{"href":"https:\/\/lmf.no\/skagerrak-forlag\/wp-json\/wp\/v2\/product\/291","targetHints":{"allow":["GET"]}}],"collection":[{"href":"https:\/\/lmf.no\/skagerrak-forlag\/wp-json\/wp\/v2\/product"}],"about":[{"href":"https:\/\/lmf.no\/skagerrak-forlag\/wp-json\/wp\/v2\/types\/product"}],"wp:featuredmedia":[{"embeddable":true,"href":"https:\/\/lmf.no\/skagerrak-forlag\/wp-json\/wp\/v2\/media\/296"}],"wp:attachment":[{"href":"https:\/\/lmf.no\/skagerrak-forlag\/wp-json\/wp\/v2\/media?parent=291"}],"wp:term":[{"taxonomy":"product_brand","embeddable":true,"href":"https:\/\/lmf.no\/skagerrak-forlag\/wp-json\/wp\/v2\/product_brand?post=291"},{"taxonomy":"product_cat","embeddable":true,"href":"https:\/\/lmf.no\/skagerrak-forlag\/wp-json\/wp\/v2\/product_cat?post=291"},{"taxonomy":"product_tag","embeddable":true,"href":"https:\/\/lmf.no\/skagerrak-forlag\/wp-json\/wp\/v2\/product_tag?post=291"}],"curies":[{"name":"wp","href":"https:\/\/api.w.org\/{rel}","templated":true}]}}