{"id":299,"date":"2017-04-13T10:36:56","date_gmt":"2017-04-13T09:36:56","guid":{"rendered":"http:\/\/laeremiddelforlaget.utkast.org\/skagerrak-forlag\/?post_type=product&#038;p=299"},"modified":"2026-01-28T11:58:17","modified_gmt":"2026-01-28T10:58:17","slug":"livsglede-i-livsalvoret","status":"publish","type":"product","link":"https:\/\/lmf.no\/skagerrak-forlag\/butikk\/foredragsholdere\/per-anders-nordengen\/livsglede-i-livsalvoret\/","title":{"rendered":"Livsglede i livsalvoret"},"content":{"rendered":"<p>Forfatter: Per Anders Nordengen<br \/>\nISBN: 9788292284209<\/p>\n<p>Livet spenner mellom store ytterligheter. Ingen g\u00e5r gjennom livet uten \u00e5 oppleve b\u00e5de gleder og sorger, latter og t\u00e5rer. \u2028\u2028Livet er b\u00e5de muntert og alvorlig.<\/p>\n<p>Til tider tar alvoret overh\u00e5nd. Sykdom, ulykker, tap eller ytre hendelser kan v\u00e6re s\u00e5 \u2028vonde at de preger hele tilv\u00e6relsen. Smerten kan komme br\u00e5tt, eller den kan snike seg inn over tid. \u2028\u2028Per Anders Nordengen er prest, forfatter og foreleser p\u00e5 heltid. Han har v\u00e6rt ansatt i firmaet Psykologibistand i Oslo, \u2028et senter for veiledning, utvikling og omstilling. Han har ogs\u00e5 v\u00e6rt personalsjef i reklamebyr\u00e5et JBR McCann. \u2028I &laquo;Livsglede i livsalvoret&raquo; fokuserer han p\u00e5 alt hva livet har \u00e5 by p\u00e5 av gleder og vanskeligheter.<\/p>\n<p>Livet er urettferdig. Det vonde rammer tilfeldig. Det er kort avstand mellom ytterlighetene. \u2028Kun \u00e8n bokstav skiller mellom lykke og ulykke.<\/p>\n<p>Men livet er heldigvis mer. Vi m\u00e5 ta det vonde p\u00e5 alvor samtidig som vi tillater oss \u00e5 nyte livsgledene som finnes. \u2028Det handler om hvilke grep vi kan ta for \u00e5 leve s\u00e5 godt som mulig slik livet ble.<\/p>\n<p>Denne boken er ingen l\u00e6rebok, og den lodder ikke for dypt i de store og vanskelige sp\u00f8rsm\u00e5lene som ber\u00f8res. \u2028Den er mest av alt ment \u00e5 gi tankevekkende smakebiter om hvordan man kan lete fram livsgleder midt i alvoret.<\/p>\n","protected":false},"excerpt":{"rendered":"<p>Forfatter: Per Anders Nordengen ISBN: 9788292284209 Livet spenner mellom store ytterligheter. Ingen g\u00e5r gjennom livet uten \u00e5 oppleve b\u00e5de gleder og sorger, latter og t\u00e5rer. \u2028\u2028Livet<span class=\"excerpt-hellip\"> [\u2026]<\/span><\/p>\n","protected":false},"featured_media":304,"template":"","meta":{"rs_blank_template":"","rs_page_bg_color":"","slide_template_v7":""},"product_brand":[],"product_cat":[39],"product_tag":[],"class_list":{"0":"post-299","1":"product","2":"type-product","3":"status-publish","4":"has-post-thumbnail","6":"product_cat-per-anders-nordengen","8":"first","9":"instock","10":"taxable","11":"shipping-taxable","12":"purchasable","13":"product-type-simple"},"yoast_head":"<!-- This site is optimized with the Yoast SEO plugin v27.4 - https:\/\/yoast.com\/product\/yoast-seo-wordpress\/ -->\n<title>Livsglede i livsalvoret | L\u00e6remiddelforlaget - Skagerrak Forlag AS<\/title>\n<meta name=\"robots\" content=\"index, follow, max-snippet:-1, max-image-preview:large, max-video-preview:-1\" \/>\n<link rel=\"canonical\" href=\"https:\/\/lmf.no\/skagerrak-forlag\/en\/butikk\/foredragsholdere\/per-anders-nordengen\/livsglede-i-livsalvoret\/\" \/>\n<meta property=\"og:locale\" content=\"nb_NO\" \/>\n<meta property=\"og:type\" content=\"article\" \/>\n<meta property=\"og:title\" content=\"Livsglede i livsalvoret | L\u00e6remiddelforlaget - Skagerrak Forlag AS\" \/>\n<meta property=\"og:description\" content=\"Forfatter: Per Anders Nordengen ISBN: 9788292284209 Livet spenner mellom store ytterligheter. Ingen g\u00e5r gjennom livet uten \u00e5 oppleve b\u00e5de gleder og sorger, latter og t\u00e5rer. \u2028\u2028Livet [\u2026]\" \/>\n<meta property=\"og:url\" content=\"https:\/\/lmf.no\/skagerrak-forlag\/en\/butikk\/foredragsholdere\/per-anders-nordengen\/livsglede-i-livsalvoret\/\" \/>\n<meta property=\"og:site_name\" content=\"L\u00e6remiddelforlaget - Skagerrak Forlag AS\" \/>\n<meta property=\"article:modified_time\" content=\"2026-01-28T10:58:17+00:00\" \/>\n<meta property=\"og:image\" content=\"https:\/\/lmf.no\/skagerrak-forlag\/wp-content\/uploads\/2017\/04\/3.jpg\" \/>\n\t<meta property=\"og:image:width\" content=\"187\" \/>\n\t<meta property=\"og:image:height\" content=\"270\" \/>\n\t<meta property=\"og:image:type\" content=\"image\/jpeg\" \/>\n<meta name=\"twitter:card\" content=\"summary_large_image\" \/>\n<meta name=\"twitter:label1\" content=\"Ansl. lesetid\" \/>\n\t<meta name=\"twitter:data1\" content=\"1 minutt\" \/>\n<script type=\"application\/ld+json\" class=\"yoast-schema-graph\">{\"@context\":\"https:\\\/\\\/schema.org\",\"@graph\":[{\"@type\":\"WebPage\",\"@id\":\"https:\\\/\\\/lmf.no\\\/skagerrak-forlag\\\/en\\\/butikk\\\/foredragsholdere\\\/per-anders-nordengen\\\/livsglede-i-livsalvoret\\\/\",\"url\":\"https:\\\/\\\/lmf.no\\\/skagerrak-forlag\\\/en\\\/butikk\\\/foredragsholdere\\\/per-anders-nordengen\\\/livsglede-i-livsalvoret\\\/\",\"name\":\"Livsglede i livsalvoret | L\u00e6remiddelforlaget - Skagerrak Forlag AS\",\"isPartOf\":{\"@id\":\"https:\\\/\\\/lmf.no\\\/skagerrak-forlag\\\/#website\"},\"primaryImageOfPage\":{\"@id\":\"https:\\\/\\\/lmf.no\\\/skagerrak-forlag\\\/en\\\/butikk\\\/foredragsholdere\\\/per-anders-nordengen\\\/livsglede-i-livsalvoret\\\/#primaryimage\"},\"image\":{\"@id\":\"https:\\\/\\\/lmf.no\\\/skagerrak-forlag\\\/en\\\/butikk\\\/foredragsholdere\\\/per-anders-nordengen\\\/livsglede-i-livsalvoret\\\/#primaryimage\"},\"thumbnailUrl\":\"https:\\\/\\\/lmf.no\\\/skagerrak-forlag\\\/wp-content\\\/uploads\\\/2017\\\/04\\\/3.jpg\",\"datePublished\":\"2017-04-13T09:36:56+00:00\",\"dateModified\":\"2026-01-28T10:58:17+00:00\",\"breadcrumb\":{\"@id\":\"https:\\\/\\\/lmf.no\\\/skagerrak-forlag\\\/en\\\/butikk\\\/foredragsholdere\\\/per-anders-nordengen\\\/livsglede-i-livsalvoret\\\/#breadcrumb\"},\"inLanguage\":\"nb-NO\",\"potentialAction\":[{\"@type\":\"ReadAction\",\"target\":[\"https:\\\/\\\/lmf.no\\\/skagerrak-forlag\\\/en\\\/butikk\\\/foredragsholdere\\\/per-anders-nordengen\\\/livsglede-i-livsalvoret\\\/\"]}]},{\"@type\":\"ImageObject\",\"inLanguage\":\"nb-NO\",\"@id\":\"https:\\\/\\\/lmf.no\\\/skagerrak-forlag\\\/en\\\/butikk\\\/foredragsholdere\\\/per-anders-nordengen\\\/livsglede-i-livsalvoret\\\/#primaryimage\",\"url\":\"https:\\\/\\\/lmf.no\\\/skagerrak-forlag\\\/wp-content\\\/uploads\\\/2017\\\/04\\\/3.jpg\",\"contentUrl\":\"https:\\\/\\\/lmf.no\\\/skagerrak-forlag\\\/wp-content\\\/uploads\\\/2017\\\/04\\\/3.jpg\",\"width\":187,\"height\":270},{\"@type\":\"BreadcrumbList\",\"@id\":\"https:\\\/\\\/lmf.no\\\/skagerrak-forlag\\\/en\\\/butikk\\\/foredragsholdere\\\/per-anders-nordengen\\\/livsglede-i-livsalvoret\\\/#breadcrumb\",\"itemListElement\":[{\"@type\":\"ListItem\",\"position\":1,\"name\":\"Hjem\",\"item\":\"https:\\\/\\\/lmf.no\\\/skagerrak-forlag\\\/\"},{\"@type\":\"ListItem\",\"position\":2,\"name\":\"Butikk\",\"item\":\"https:\\\/\\\/lmf.no\\\/skagerrak-forlag\\\/butikk-2\\\/\"},{\"@type\":\"ListItem\",\"position\":3,\"name\":\"Livsglede i livsalvoret\"}]},{\"@type\":\"WebSite\",\"@id\":\"https:\\\/\\\/lmf.no\\\/skagerrak-forlag\\\/#website\",\"url\":\"https:\\\/\\\/lmf.no\\\/skagerrak-forlag\\\/\",\"name\":\"Skagerrak Forlag AS\",\"description\":\"Utgivelse av l\u00e6reb\u00f8ker\",\"publisher\":{\"@id\":\"https:\\\/\\\/lmf.no\\\/skagerrak-forlag\\\/#organization\"},\"alternateName\":\"L\u00e6remiddelforlaget - Skagerrak Forlag AS\",\"potentialAction\":[{\"@type\":\"SearchAction\",\"target\":{\"@type\":\"EntryPoint\",\"urlTemplate\":\"https:\\\/\\\/lmf.no\\\/skagerrak-forlag\\\/?s={search_term_string}\"},\"query-input\":{\"@type\":\"PropertyValueSpecification\",\"valueRequired\":true,\"valueName\":\"search_term_string\"}}],\"inLanguage\":\"nb-NO\"},{\"@type\":\"Organization\",\"@id\":\"https:\\\/\\\/lmf.no\\\/skagerrak-forlag\\\/#organization\",\"name\":\"Skagerrak Forlag AS\",\"alternateName\":\"L\u00e6remiddelforlaget - Skagerrak Forlag\",\"url\":\"https:\\\/\\\/lmf.no\\\/skagerrak-forlag\\\/\",\"logo\":{\"@type\":\"ImageObject\",\"inLanguage\":\"nb-NO\",\"@id\":\"https:\\\/\\\/lmf.no\\\/skagerrak-forlag\\\/#\\\/schema\\\/logo\\\/image\\\/\",\"url\":\"https:\\\/\\\/lmf.no\\\/skagerrak-forlag\\\/wp-content\\\/uploads\\\/2024\\\/04\\\/skagerrak-forlag.png\",\"contentUrl\":\"https:\\\/\\\/lmf.no\\\/skagerrak-forlag\\\/wp-content\\\/uploads\\\/2024\\\/04\\\/skagerrak-forlag.png\",\"width\":188,\"height\":47,\"caption\":\"Skagerrak Forlag AS\"},\"image\":{\"@id\":\"https:\\\/\\\/lmf.no\\\/skagerrak-forlag\\\/#\\\/schema\\\/logo\\\/image\\\/\"}}]}<\/script>\n<!-- \/ Yoast SEO plugin. -->","yoast_head_json":{"title":"Livsglede i livsalvoret | L\u00e6remiddelforlaget - Skagerrak Forlag AS","robots":{"index":"index","follow":"follow","max-snippet":"max-snippet:-1","max-image-preview":"max-image-preview:large","max-video-preview":"max-video-preview:-1"},"canonical":"https:\/\/lmf.no\/skagerrak-forlag\/en\/butikk\/foredragsholdere\/per-anders-nordengen\/livsglede-i-livsalvoret\/","og_locale":"nb_NO","og_type":"article","og_title":"Livsglede i livsalvoret | L\u00e6remiddelforlaget - Skagerrak Forlag AS","og_description":"Forfatter: Per Anders Nordengen ISBN: 9788292284209 Livet spenner mellom store ytterligheter. Ingen g\u00e5r gjennom livet uten \u00e5 oppleve b\u00e5de gleder og sorger, latter og t\u00e5rer. \u2028\u2028Livet [\u2026]","og_url":"https:\/\/lmf.no\/skagerrak-forlag\/en\/butikk\/foredragsholdere\/per-anders-nordengen\/livsglede-i-livsalvoret\/","og_site_name":"L\u00e6remiddelforlaget - Skagerrak Forlag AS","article_modified_time":"2026-01-28T10:58:17+00:00","og_image":[{"width":187,"height":270,"url":"https:\/\/lmf.no\/skagerrak-forlag\/wp-content\/uploads\/2017\/04\/3.jpg","type":"image\/jpeg"}],"twitter_card":"summary_large_image","twitter_misc":{"Ansl. lesetid":"1 minutt"},"schema":{"@context":"https:\/\/schema.org","@graph":[{"@type":"WebPage","@id":"https:\/\/lmf.no\/skagerrak-forlag\/en\/butikk\/foredragsholdere\/per-anders-nordengen\/livsglede-i-livsalvoret\/","url":"https:\/\/lmf.no\/skagerrak-forlag\/en\/butikk\/foredragsholdere\/per-anders-nordengen\/livsglede-i-livsalvoret\/","name":"Livsglede i livsalvoret | L\u00e6remiddelforlaget - Skagerrak Forlag AS","isPartOf":{"@id":"https:\/\/lmf.no\/skagerrak-forlag\/#website"},"primaryImageOfPage":{"@id":"https:\/\/lmf.no\/skagerrak-forlag\/en\/butikk\/foredragsholdere\/per-anders-nordengen\/livsglede-i-livsalvoret\/#primaryimage"},"image":{"@id":"https:\/\/lmf.no\/skagerrak-forlag\/en\/butikk\/foredragsholdere\/per-anders-nordengen\/livsglede-i-livsalvoret\/#primaryimage"},"thumbnailUrl":"https:\/\/lmf.no\/skagerrak-forlag\/wp-content\/uploads\/2017\/04\/3.jpg","datePublished":"2017-04-13T09:36:56+00:00","dateModified":"2026-01-28T10:58:17+00:00","breadcrumb":{"@id":"https:\/\/lmf.no\/skagerrak-forlag\/en\/butikk\/foredragsholdere\/per-anders-nordengen\/livsglede-i-livsalvoret\/#breadcrumb"},"inLanguage":"nb-NO","potentialAction":[{"@type":"ReadAction","target":["https:\/\/lmf.no\/skagerrak-forlag\/en\/butikk\/foredragsholdere\/per-anders-nordengen\/livsglede-i-livsalvoret\/"]}]},{"@type":"ImageObject","inLanguage":"nb-NO","@id":"https:\/\/lmf.no\/skagerrak-forlag\/en\/butikk\/foredragsholdere\/per-anders-nordengen\/livsglede-i-livsalvoret\/#primaryimage","url":"https:\/\/lmf.no\/skagerrak-forlag\/wp-content\/uploads\/2017\/04\/3.jpg","contentUrl":"https:\/\/lmf.no\/skagerrak-forlag\/wp-content\/uploads\/2017\/04\/3.jpg","width":187,"height":270},{"@type":"BreadcrumbList","@id":"https:\/\/lmf.no\/skagerrak-forlag\/en\/butikk\/foredragsholdere\/per-anders-nordengen\/livsglede-i-livsalvoret\/#breadcrumb","itemListElement":[{"@type":"ListItem","position":1,"name":"Hjem","item":"https:\/\/lmf.no\/skagerrak-forlag\/"},{"@type":"ListItem","position":2,"name":"Butikk","item":"https:\/\/lmf.no\/skagerrak-forlag\/butikk-2\/"},{"@type":"ListItem","position":3,"name":"Livsglede i livsalvoret"}]},{"@type":"WebSite","@id":"https:\/\/lmf.no\/skagerrak-forlag\/#website","url":"https:\/\/lmf.no\/skagerrak-forlag\/","name":"Skagerrak Forlag AS","description":"Utgivelse av l\u00e6reb\u00f8ker","publisher":{"@id":"https:\/\/lmf.no\/skagerrak-forlag\/#organization"},"alternateName":"L\u00e6remiddelforlaget - Skagerrak Forlag AS","potentialAction":[{"@type":"SearchAction","target":{"@type":"EntryPoint","urlTemplate":"https:\/\/lmf.no\/skagerrak-forlag\/?s={search_term_string}"},"query-input":{"@type":"PropertyValueSpecification","valueRequired":true,"valueName":"search_term_string"}}],"inLanguage":"nb-NO"},{"@type":"Organization","@id":"https:\/\/lmf.no\/skagerrak-forlag\/#organization","name":"Skagerrak Forlag AS","alternateName":"L\u00e6remiddelforlaget - Skagerrak Forlag","url":"https:\/\/lmf.no\/skagerrak-forlag\/","logo":{"@type":"ImageObject","inLanguage":"nb-NO","@id":"https:\/\/lmf.no\/skagerrak-forlag\/#\/schema\/logo\/image\/","url":"https:\/\/lmf.no\/skagerrak-forlag\/wp-content\/uploads\/2024\/04\/skagerrak-forlag.png","contentUrl":"https:\/\/lmf.no\/skagerrak-forlag\/wp-content\/uploads\/2024\/04\/skagerrak-forlag.png","width":188,"height":47,"caption":"Skagerrak Forlag AS"},"image":{"@id":"https:\/\/lmf.no\/skagerrak-forlag\/#\/schema\/logo\/image\/"}}]}},"_links":{"self":[{"href":"https:\/\/lmf.no\/skagerrak-forlag\/wp-json\/wp\/v2\/product\/299","targetHints":{"allow":["GET"]}}],"collection":[{"href":"https:\/\/lmf.no\/skagerrak-forlag\/wp-json\/wp\/v2\/product"}],"about":[{"href":"https:\/\/lmf.no\/skagerrak-forlag\/wp-json\/wp\/v2\/types\/product"}],"wp:featuredmedia":[{"embeddable":true,"href":"https:\/\/lmf.no\/skagerrak-forlag\/wp-json\/wp\/v2\/media\/304"}],"wp:attachment":[{"href":"https:\/\/lmf.no\/skagerrak-forlag\/wp-json\/wp\/v2\/media?parent=299"}],"wp:term":[{"taxonomy":"product_brand","embeddable":true,"href":"https:\/\/lmf.no\/skagerrak-forlag\/wp-json\/wp\/v2\/product_brand?post=299"},{"taxonomy":"product_cat","embeddable":true,"href":"https:\/\/lmf.no\/skagerrak-forlag\/wp-json\/wp\/v2\/product_cat?post=299"},{"taxonomy":"product_tag","embeddable":true,"href":"https:\/\/lmf.no\/skagerrak-forlag\/wp-json\/wp\/v2\/product_tag?post=299"}],"curies":[{"name":"wp","href":"https:\/\/api.w.org\/{rel}","templated":true}]}}