{"id":301,"date":"2017-04-13T10:37:22","date_gmt":"2017-04-13T09:37:22","guid":{"rendered":"http:\/\/laeremiddelforlaget.utkast.org\/skagerrak-forlag\/?post_type=product&#038;p=301"},"modified":"2026-01-28T11:58:17","modified_gmt":"2026-01-28T10:58:17","slug":"psykt-bra","status":"publish","type":"product","link":"https:\/\/lmf.no\/skagerrak-forlag\/butikk\/foredragsholdere\/per-anders-nordengen\/psykt-bra\/","title":{"rendered":"Psykt bra"},"content":{"rendered":"<p>Forfatter: Per Anders Nordengen<br \/>\nISBN: 9788279972020<\/p>\n<p>Lettere psykiske helseproblemer utgj\u00f8r i dag en av de st\u00f8rste utfordringene for folkehelsen. Flere enn noen gang strever med depresjon, angst, fysisk sykdom, d\u00e5rlig selvbilde, overgrep og sorg. Dette f\u00e5r store konsekvenser for de som rammes og for de p\u00e5r\u00f8rende. Deres livskvalitet reduseres, og det f\u00f8rer ofte til \u00f8kt frav\u00e6r fra jobb, skole og andre hverdagsaktiviter. Flere enn f\u00f8r f\u00e5r psykiatriske diagnoser, og flere blir uf\u00f8re.<\/p>\n<p>En av de viktigste samfunnsutfordringene i dag er \u00e5 finne l\u00f8sninger p\u00e5 hvordan vi kan styrke den psykiske hverdagshelsen.<br \/>\nDenne boken handler om noe av det vi kan gj\u00f8re med de lettere psykiske helseproblemene.<\/p>\n<p>De fleste av oss vil i l\u00f8pet av livet slite med psykisk helse. Det er faktisk like vanlig \u00e5 ha vondt i f\u00f8lelsene som \u00e5 ha vondt i kroppen. P\u00e5 samme m\u00e5te som vi kan bli friske fra de fleste fysiske sykdommer, kan vi ogs\u00e5 bli bra igjen etter psykiske nedturer.<br \/>\nVi m\u00e5 ikke gj\u00f8re det \u00e5 slite psykisk til det normale. De fleste i dag er friske og klarer seg godt gjennom livets utfordringer. Men det er mange som sliter litt, og den store utfordringen er hvordan de skal unng\u00e5 \u00e5 slite mer.<br \/>\nBokens f\u00f8rste del heter Sykt bra og handler om hvor omfattende psykiske helseproblemer har blitt, og om noe av det som kan gj\u00f8res for at vi ikke skal bli enda sykere.<\/p>\n<p>Den andre delen, Hva lader ut batteriene tar opp en del av de fenomenene som altfor lett tapper livsbatteriene v\u00e5re og som gj\u00f8r at vi blir utladet.<br \/>\nBokens tredje del, Ladestasjoner for utladet livsbatteri inneholder tanker om hva som kan fylle opp livsbatteriene n\u00e5r de begynner \u00e5 bli tomme.<br \/>\nI den siste delen av boken, Gratis medisiner for bedre hverdagshelse, gis noen forslag til enkle grep som kan tas for \u00e5 styrke det psykiske immunforsvaret og for \u00e5 f\u00e5 overskudd til \u00e5 t\u00e5le livet uansett hva det har p\u00e5f\u00f8rt oss.<\/p>\n","protected":false},"excerpt":{"rendered":"<p>Forfatter: Per Anders Nordengen ISBN: 9788279972020 Lettere psykiske helseproblemer utgj\u00f8r i dag en av de st\u00f8rste utfordringene for folkehelsen. Flere enn noen gang strever med depresjon,<span class=\"excerpt-hellip\"> [\u2026]<\/span><\/p>\n","protected":false},"featured_media":306,"template":"","meta":{"rs_blank_template":"","rs_page_bg_color":"","slide_template_v7":""},"product_brand":[],"product_cat":[39],"product_tag":[],"class_list":{"0":"post-301","1":"product","2":"type-product","3":"status-publish","4":"has-post-thumbnail","6":"product_cat-per-anders-nordengen","8":"first","9":"instock","10":"taxable","11":"shipping-taxable","12":"purchasable","13":"product-type-simple"},"yoast_head":"<!-- This site is optimized with the Yoast SEO plugin v27.4 - https:\/\/yoast.com\/product\/yoast-seo-wordpress\/ -->\n<title>Psykt bra | L\u00e6remiddelforlaget - Skagerrak Forlag AS<\/title>\n<meta name=\"robots\" content=\"index, follow, max-snippet:-1, max-image-preview:large, max-video-preview:-1\" \/>\n<link rel=\"canonical\" href=\"https:\/\/lmf.no\/skagerrak-forlag\/en\/butikk\/foredragsholdere\/per-anders-nordengen\/psykt-bra\/\" \/>\n<meta property=\"og:locale\" content=\"nb_NO\" \/>\n<meta property=\"og:type\" content=\"article\" \/>\n<meta property=\"og:title\" content=\"Psykt bra | L\u00e6remiddelforlaget - Skagerrak Forlag AS\" \/>\n<meta property=\"og:description\" content=\"Forfatter: Per Anders Nordengen ISBN: 9788279972020 Lettere psykiske helseproblemer utgj\u00f8r i dag en av de st\u00f8rste utfordringene for folkehelsen. Flere enn noen gang strever med depresjon, [\u2026]\" \/>\n<meta property=\"og:url\" content=\"https:\/\/lmf.no\/skagerrak-forlag\/en\/butikk\/foredragsholdere\/per-anders-nordengen\/psykt-bra\/\" \/>\n<meta property=\"og:site_name\" content=\"L\u00e6remiddelforlaget - Skagerrak Forlag AS\" \/>\n<meta property=\"article:modified_time\" content=\"2026-01-28T10:58:17+00:00\" \/>\n<meta property=\"og:image\" content=\"https:\/\/lmf.no\/skagerrak-forlag\/wp-content\/uploads\/2017\/04\/5.jpg\" \/>\n\t<meta property=\"og:image:width\" content=\"187\" \/>\n\t<meta property=\"og:image:height\" content=\"270\" \/>\n\t<meta property=\"og:image:type\" content=\"image\/jpeg\" \/>\n<meta name=\"twitter:card\" content=\"summary_large_image\" \/>\n<meta name=\"twitter:label1\" content=\"Ansl. lesetid\" \/>\n\t<meta name=\"twitter:data1\" content=\"2 minutter\" \/>\n<script type=\"application\/ld+json\" class=\"yoast-schema-graph\">{\"@context\":\"https:\\\/\\\/schema.org\",\"@graph\":[{\"@type\":\"WebPage\",\"@id\":\"https:\\\/\\\/lmf.no\\\/skagerrak-forlag\\\/en\\\/butikk\\\/foredragsholdere\\\/per-anders-nordengen\\\/psykt-bra\\\/\",\"url\":\"https:\\\/\\\/lmf.no\\\/skagerrak-forlag\\\/en\\\/butikk\\\/foredragsholdere\\\/per-anders-nordengen\\\/psykt-bra\\\/\",\"name\":\"Psykt bra | L\u00e6remiddelforlaget - Skagerrak Forlag AS\",\"isPartOf\":{\"@id\":\"https:\\\/\\\/lmf.no\\\/skagerrak-forlag\\\/#website\"},\"primaryImageOfPage\":{\"@id\":\"https:\\\/\\\/lmf.no\\\/skagerrak-forlag\\\/en\\\/butikk\\\/foredragsholdere\\\/per-anders-nordengen\\\/psykt-bra\\\/#primaryimage\"},\"image\":{\"@id\":\"https:\\\/\\\/lmf.no\\\/skagerrak-forlag\\\/en\\\/butikk\\\/foredragsholdere\\\/per-anders-nordengen\\\/psykt-bra\\\/#primaryimage\"},\"thumbnailUrl\":\"https:\\\/\\\/lmf.no\\\/skagerrak-forlag\\\/wp-content\\\/uploads\\\/2017\\\/04\\\/5.jpg\",\"datePublished\":\"2017-04-13T09:37:22+00:00\",\"dateModified\":\"2026-01-28T10:58:17+00:00\",\"breadcrumb\":{\"@id\":\"https:\\\/\\\/lmf.no\\\/skagerrak-forlag\\\/en\\\/butikk\\\/foredragsholdere\\\/per-anders-nordengen\\\/psykt-bra\\\/#breadcrumb\"},\"inLanguage\":\"nb-NO\",\"potentialAction\":[{\"@type\":\"ReadAction\",\"target\":[\"https:\\\/\\\/lmf.no\\\/skagerrak-forlag\\\/en\\\/butikk\\\/foredragsholdere\\\/per-anders-nordengen\\\/psykt-bra\\\/\"]}]},{\"@type\":\"ImageObject\",\"inLanguage\":\"nb-NO\",\"@id\":\"https:\\\/\\\/lmf.no\\\/skagerrak-forlag\\\/en\\\/butikk\\\/foredragsholdere\\\/per-anders-nordengen\\\/psykt-bra\\\/#primaryimage\",\"url\":\"https:\\\/\\\/lmf.no\\\/skagerrak-forlag\\\/wp-content\\\/uploads\\\/2017\\\/04\\\/5.jpg\",\"contentUrl\":\"https:\\\/\\\/lmf.no\\\/skagerrak-forlag\\\/wp-content\\\/uploads\\\/2017\\\/04\\\/5.jpg\",\"width\":187,\"height\":270},{\"@type\":\"BreadcrumbList\",\"@id\":\"https:\\\/\\\/lmf.no\\\/skagerrak-forlag\\\/en\\\/butikk\\\/foredragsholdere\\\/per-anders-nordengen\\\/psykt-bra\\\/#breadcrumb\",\"itemListElement\":[{\"@type\":\"ListItem\",\"position\":1,\"name\":\"Hjem\",\"item\":\"https:\\\/\\\/lmf.no\\\/skagerrak-forlag\\\/\"},{\"@type\":\"ListItem\",\"position\":2,\"name\":\"Butikk\",\"item\":\"https:\\\/\\\/lmf.no\\\/skagerrak-forlag\\\/butikk-2\\\/\"},{\"@type\":\"ListItem\",\"position\":3,\"name\":\"Psykt bra\"}]},{\"@type\":\"WebSite\",\"@id\":\"https:\\\/\\\/lmf.no\\\/skagerrak-forlag\\\/#website\",\"url\":\"https:\\\/\\\/lmf.no\\\/skagerrak-forlag\\\/\",\"name\":\"Skagerrak Forlag AS\",\"description\":\"Utgivelse av l\u00e6reb\u00f8ker\",\"publisher\":{\"@id\":\"https:\\\/\\\/lmf.no\\\/skagerrak-forlag\\\/#organization\"},\"alternateName\":\"L\u00e6remiddelforlaget - Skagerrak Forlag AS\",\"potentialAction\":[{\"@type\":\"SearchAction\",\"target\":{\"@type\":\"EntryPoint\",\"urlTemplate\":\"https:\\\/\\\/lmf.no\\\/skagerrak-forlag\\\/?s={search_term_string}\"},\"query-input\":{\"@type\":\"PropertyValueSpecification\",\"valueRequired\":true,\"valueName\":\"search_term_string\"}}],\"inLanguage\":\"nb-NO\"},{\"@type\":\"Organization\",\"@id\":\"https:\\\/\\\/lmf.no\\\/skagerrak-forlag\\\/#organization\",\"name\":\"Skagerrak Forlag AS\",\"alternateName\":\"L\u00e6remiddelforlaget - Skagerrak Forlag\",\"url\":\"https:\\\/\\\/lmf.no\\\/skagerrak-forlag\\\/\",\"logo\":{\"@type\":\"ImageObject\",\"inLanguage\":\"nb-NO\",\"@id\":\"https:\\\/\\\/lmf.no\\\/skagerrak-forlag\\\/#\\\/schema\\\/logo\\\/image\\\/\",\"url\":\"https:\\\/\\\/lmf.no\\\/skagerrak-forlag\\\/wp-content\\\/uploads\\\/2024\\\/04\\\/skagerrak-forlag.png\",\"contentUrl\":\"https:\\\/\\\/lmf.no\\\/skagerrak-forlag\\\/wp-content\\\/uploads\\\/2024\\\/04\\\/skagerrak-forlag.png\",\"width\":188,\"height\":47,\"caption\":\"Skagerrak Forlag AS\"},\"image\":{\"@id\":\"https:\\\/\\\/lmf.no\\\/skagerrak-forlag\\\/#\\\/schema\\\/logo\\\/image\\\/\"}}]}<\/script>\n<!-- \/ Yoast SEO plugin. -->","yoast_head_json":{"title":"Psykt bra | L\u00e6remiddelforlaget - Skagerrak Forlag AS","robots":{"index":"index","follow":"follow","max-snippet":"max-snippet:-1","max-image-preview":"max-image-preview:large","max-video-preview":"max-video-preview:-1"},"canonical":"https:\/\/lmf.no\/skagerrak-forlag\/en\/butikk\/foredragsholdere\/per-anders-nordengen\/psykt-bra\/","og_locale":"nb_NO","og_type":"article","og_title":"Psykt bra | L\u00e6remiddelforlaget - Skagerrak Forlag AS","og_description":"Forfatter: Per Anders Nordengen ISBN: 9788279972020 Lettere psykiske helseproblemer utgj\u00f8r i dag en av de st\u00f8rste utfordringene for folkehelsen. Flere enn noen gang strever med depresjon, [\u2026]","og_url":"https:\/\/lmf.no\/skagerrak-forlag\/en\/butikk\/foredragsholdere\/per-anders-nordengen\/psykt-bra\/","og_site_name":"L\u00e6remiddelforlaget - Skagerrak Forlag AS","article_modified_time":"2026-01-28T10:58:17+00:00","og_image":[{"width":187,"height":270,"url":"https:\/\/lmf.no\/skagerrak-forlag\/wp-content\/uploads\/2017\/04\/5.jpg","type":"image\/jpeg"}],"twitter_card":"summary_large_image","twitter_misc":{"Ansl. lesetid":"2 minutter"},"schema":{"@context":"https:\/\/schema.org","@graph":[{"@type":"WebPage","@id":"https:\/\/lmf.no\/skagerrak-forlag\/en\/butikk\/foredragsholdere\/per-anders-nordengen\/psykt-bra\/","url":"https:\/\/lmf.no\/skagerrak-forlag\/en\/butikk\/foredragsholdere\/per-anders-nordengen\/psykt-bra\/","name":"Psykt bra | L\u00e6remiddelforlaget - Skagerrak Forlag AS","isPartOf":{"@id":"https:\/\/lmf.no\/skagerrak-forlag\/#website"},"primaryImageOfPage":{"@id":"https:\/\/lmf.no\/skagerrak-forlag\/en\/butikk\/foredragsholdere\/per-anders-nordengen\/psykt-bra\/#primaryimage"},"image":{"@id":"https:\/\/lmf.no\/skagerrak-forlag\/en\/butikk\/foredragsholdere\/per-anders-nordengen\/psykt-bra\/#primaryimage"},"thumbnailUrl":"https:\/\/lmf.no\/skagerrak-forlag\/wp-content\/uploads\/2017\/04\/5.jpg","datePublished":"2017-04-13T09:37:22+00:00","dateModified":"2026-01-28T10:58:17+00:00","breadcrumb":{"@id":"https:\/\/lmf.no\/skagerrak-forlag\/en\/butikk\/foredragsholdere\/per-anders-nordengen\/psykt-bra\/#breadcrumb"},"inLanguage":"nb-NO","potentialAction":[{"@type":"ReadAction","target":["https:\/\/lmf.no\/skagerrak-forlag\/en\/butikk\/foredragsholdere\/per-anders-nordengen\/psykt-bra\/"]}]},{"@type":"ImageObject","inLanguage":"nb-NO","@id":"https:\/\/lmf.no\/skagerrak-forlag\/en\/butikk\/foredragsholdere\/per-anders-nordengen\/psykt-bra\/#primaryimage","url":"https:\/\/lmf.no\/skagerrak-forlag\/wp-content\/uploads\/2017\/04\/5.jpg","contentUrl":"https:\/\/lmf.no\/skagerrak-forlag\/wp-content\/uploads\/2017\/04\/5.jpg","width":187,"height":270},{"@type":"BreadcrumbList","@id":"https:\/\/lmf.no\/skagerrak-forlag\/en\/butikk\/foredragsholdere\/per-anders-nordengen\/psykt-bra\/#breadcrumb","itemListElement":[{"@type":"ListItem","position":1,"name":"Hjem","item":"https:\/\/lmf.no\/skagerrak-forlag\/"},{"@type":"ListItem","position":2,"name":"Butikk","item":"https:\/\/lmf.no\/skagerrak-forlag\/butikk-2\/"},{"@type":"ListItem","position":3,"name":"Psykt bra"}]},{"@type":"WebSite","@id":"https:\/\/lmf.no\/skagerrak-forlag\/#website","url":"https:\/\/lmf.no\/skagerrak-forlag\/","name":"Skagerrak Forlag AS","description":"Utgivelse av l\u00e6reb\u00f8ker","publisher":{"@id":"https:\/\/lmf.no\/skagerrak-forlag\/#organization"},"alternateName":"L\u00e6remiddelforlaget - Skagerrak Forlag AS","potentialAction":[{"@type":"SearchAction","target":{"@type":"EntryPoint","urlTemplate":"https:\/\/lmf.no\/skagerrak-forlag\/?s={search_term_string}"},"query-input":{"@type":"PropertyValueSpecification","valueRequired":true,"valueName":"search_term_string"}}],"inLanguage":"nb-NO"},{"@type":"Organization","@id":"https:\/\/lmf.no\/skagerrak-forlag\/#organization","name":"Skagerrak Forlag AS","alternateName":"L\u00e6remiddelforlaget - Skagerrak Forlag","url":"https:\/\/lmf.no\/skagerrak-forlag\/","logo":{"@type":"ImageObject","inLanguage":"nb-NO","@id":"https:\/\/lmf.no\/skagerrak-forlag\/#\/schema\/logo\/image\/","url":"https:\/\/lmf.no\/skagerrak-forlag\/wp-content\/uploads\/2024\/04\/skagerrak-forlag.png","contentUrl":"https:\/\/lmf.no\/skagerrak-forlag\/wp-content\/uploads\/2024\/04\/skagerrak-forlag.png","width":188,"height":47,"caption":"Skagerrak Forlag AS"},"image":{"@id":"https:\/\/lmf.no\/skagerrak-forlag\/#\/schema\/logo\/image\/"}}]}},"_links":{"self":[{"href":"https:\/\/lmf.no\/skagerrak-forlag\/wp-json\/wp\/v2\/product\/301","targetHints":{"allow":["GET"]}}],"collection":[{"href":"https:\/\/lmf.no\/skagerrak-forlag\/wp-json\/wp\/v2\/product"}],"about":[{"href":"https:\/\/lmf.no\/skagerrak-forlag\/wp-json\/wp\/v2\/types\/product"}],"wp:featuredmedia":[{"embeddable":true,"href":"https:\/\/lmf.no\/skagerrak-forlag\/wp-json\/wp\/v2\/media\/306"}],"wp:attachment":[{"href":"https:\/\/lmf.no\/skagerrak-forlag\/wp-json\/wp\/v2\/media?parent=301"}],"wp:term":[{"taxonomy":"product_brand","embeddable":true,"href":"https:\/\/lmf.no\/skagerrak-forlag\/wp-json\/wp\/v2\/product_brand?post=301"},{"taxonomy":"product_cat","embeddable":true,"href":"https:\/\/lmf.no\/skagerrak-forlag\/wp-json\/wp\/v2\/product_cat?post=301"},{"taxonomy":"product_tag","embeddable":true,"href":"https:\/\/lmf.no\/skagerrak-forlag\/wp-json\/wp\/v2\/product_tag?post=301"}],"curies":[{"name":"wp","href":"https:\/\/api.w.org\/{rel}","templated":true}]}}